{"id":67,"date":"2023-05-22T13:10:31","date_gmt":"2023-05-22T11:10:31","guid":{"rendered":"https:\/\/www.museunacional.cat\/mesromanic\/?page_id=67"},"modified":"2023-06-07T11:03:39","modified_gmt":"2023-06-07T09:03:39","slug":"operacio-romanic","status":"publish","type":"page","link":"https:\/\/www.museunacional.cat\/mesromanic\/mes-romanic\/operacio-romanic\/","title":{"rendered":"Operaci\u00f3 rom\u00e0nic"},"content":{"rendered":"\n<figure class=\"wp-block-embed aligncenter is-type-video is-provider-youtube wp-block-embed-youtube wp-embed-aspect-16-9 wp-has-aspect-ratio\"><div class=\"wp-block-embed__wrapper\">\n<iframe loading=\"lazy\" title=\"#M\u00e9sRom\u00e0nic\" width=\"640\" height=\"360\" src=\"https:\/\/www.youtube.com\/embed\/sOgZMnBj3w0?feature=oembed\" frameborder=\"0\" allow=\"accelerometer; autoplay; clipboard-write; encrypted-media; gyroscope; picture-in-picture; web-share\" referrerpolicy=\"strict-origin-when-cross-origin\" allowfullscreen><\/iframe>\n<\/div><\/figure>\n\n\n\n<p>A partir d\u2019aquest mes de maig el Museu inicia els treballs per a&nbsp;incorporar als conjunts de Sant Climent de Ta\u00fcll, Sant Pere del Burgal i Sant Joan de Bo\u00ed fragments de pintura mural conservats fins ara a la reserva. Una vegada finalitzats, aquests treballs completaran de forma molt significativa la lectura actual d\u2019uns conjunts que s\u00f3n el cor de la col\u00b7lecci\u00f3 del Museu Nacional.<\/p>\n\n\n\n<p>Els equips t\u00e8cnics del Museu han treballat de forma interdisciplin\u00e0ria en la recuperaci\u00f3 d\u2019aquests fragments i els han pogut identificar, estudiar i restaurar. Una vegada determinada la seva ubicaci\u00f3 original s\u2019incorporaran progressivament a les sales en una operaci\u00f3 que finalitzar\u00e0 al setembre.<\/p>\n\n\n\n<p>En els casos de Sant Climent de Ta\u00fcll i Sant Pere del Burgal, es tracta de la incorporaci\u00f3 de figures molt rellevants i de gran mida, que completaran notablement la lectura d\u2019aquests conjunts, ja sigui perqu\u00e8 es tracta de fragments de dimensions considerables o b\u00e9 perqu\u00e8 la pr\u00f2pia representaci\u00f3 iconogr\u00e0fica es conserva molt \u00edntegra, com \u00e9s el cas de la figura de Ca\u00edn, de l\u2019absis de Sant Climent de Ta\u00fcll. En el cas de Sant Joan de Bo\u00ed s\u2019incorporaran fragments de la decoraci\u00f3 de les pintures que s\u2019ubicaven a les columnes de l\u2019esgl\u00e9sia.<\/p>\n\n\n\n<p>La incorporaci\u00f3 d\u2019aquestes pintures a les sales obertes al p\u00fablic ha comportat unes actuacions pr\u00e8vies complexes i de llarga durada: l\u2019estudi dels fragments, la seva hist\u00f2ria i localitzaci\u00f3, la consolidaci\u00f3 i neteja dels materials, la preparaci\u00f3 de calcs de les imatges per comprovar-ne l\u2019encaix i la realitzaci\u00f3 d\u2019an\u00e0lisis qu\u00edmiques dels materials que aporten informaci\u00f3 sobre la naturalesa dels pigments aix\u00ed com dades in\u00e8dites sobre el proc\u00e9s d\u2019execuci\u00f3 de les pintures que els mestres medievals van emprar per fer-les i, finalment, la relectura del conjunt m\u00e9s complert.<\/p>\n\n\n\n<p>Quan es compleixen 900 anys de la consagraci\u00f3 de les esgl\u00e9sies de Sant Climent i Santa Maria de Ta\u00fcll i en el context del centenari del redescobriment, arrencament i muse\u00eftzaci\u00f3 de les pintures murals, aix\u00ed com de la formaci\u00f3 del nucli principal de la col\u00b7lecci\u00f3 actual d\u2019art rom\u00e0nic, el Museu Nacional ha iniciat una s\u00e8rie de projectes, de formats i dimensions diverses que, per la complexitat i les caracter\u00edstiques especials d\u2019aquest conjunt \u00fanic d\u2019obres, s\u2019allargaran durant un cicle de tres anys, del 2023 al 2025.<\/p>\n\n\n\n<p><\/p>\n\n\n\n<figure class=\"wp-block-gallery has-nested-images columns-default is-cropped wp-block-gallery-1 is-layout-flex wp-block-gallery-is-layout-flex\">\n<figure class=\"wp-block-image size-large\"><img loading=\"lazy\" decoding=\"async\" width=\"1024\" height=\"798\" data-id=\"183\" src=\"https:\/\/www.museunacional.cat\/mesromanic\/wp-content\/uploads\/2023\/05\/113138-002-retirada-fragment-1024x798.jpg\" alt=\"\" class=\"wp-image-183\" srcset=\"https:\/\/www.museunacional.cat\/mesromanic\/wp-content\/uploads\/2023\/05\/113138-002-retirada-fragment-1024x798.jpg 1024w, https:\/\/www.museunacional.cat\/mesromanic\/wp-content\/uploads\/2023\/05\/113138-002-retirada-fragment-300x234.jpg 300w, https:\/\/www.museunacional.cat\/mesromanic\/wp-content\/uploads\/2023\/05\/113138-002-retirada-fragment-768x599.jpg 768w, https:\/\/www.museunacional.cat\/mesromanic\/wp-content\/uploads\/2023\/05\/113138-002-retirada-fragment-1536x1197.jpg 1536w, https:\/\/www.museunacional.cat\/mesromanic\/wp-content\/uploads\/2023\/05\/113138-002-retirada-fragment-2048x1597.jpg 2048w\" sizes=\"auto, (max-width: 1024px) 100vw, 1024px\" \/><\/figure>\n\n\n\n<figure class=\"wp-block-image size-large\"><img loading=\"lazy\" decoding=\"async\" width=\"1024\" height=\"768\" data-id=\"182\" src=\"https:\/\/www.museunacional.cat\/mesromanic\/wp-content\/uploads\/2023\/05\/200750_044-1024x768.jpg\" alt=\"\" class=\"wp-image-182\" srcset=\"https:\/\/www.museunacional.cat\/mesromanic\/wp-content\/uploads\/2023\/05\/200750_044-1024x768.jpg 1024w, https:\/\/www.museunacional.cat\/mesromanic\/wp-content\/uploads\/2023\/05\/200750_044-300x225.jpg 300w, https:\/\/www.museunacional.cat\/mesromanic\/wp-content\/uploads\/2023\/05\/200750_044-768x576.jpg 768w, https:\/\/www.museunacional.cat\/mesromanic\/wp-content\/uploads\/2023\/05\/200750_044-1536x1152.jpg 1536w, https:\/\/www.museunacional.cat\/mesromanic\/wp-content\/uploads\/2023\/05\/200750_044-2048x1536.jpg 2048w\" sizes=\"auto, (max-width: 1024px) 100vw, 1024px\" \/><\/figure>\n<\/figure>\n","protected":false},"excerpt":{"rendered":"<p>A partir d\u2019aquest mes de maig el Museu inicia els treballs per a&nbsp;incorporar als conjunts de Sant Climent de Ta\u00fcll, Sant Pere del Burgal i Sant Joan de Bo\u00ed fragments de pintura mural conservats fins ara a la reserva. Una vegada finalitzats, aquests treballs completaran de forma molt significativa la lectura actual d\u2019uns conjunts que [&hellip;]<\/p>\n","protected":false},"author":2,"featured_media":0,"parent":2,"menu_order":0,"comment_status":"closed","ping_status":"closed","template":"","meta":{"footnotes":""},"class_list":["post-67","page","type-page","status-publish","hentry"],"blog_post_layout_featured_media_urls":{"thumbnail":"","full":""},"categories_names":null,"comments_number":"0","_links":{"self":[{"href":"https:\/\/www.museunacional.cat\/mesromanic\/wp-json\/wp\/v2\/pages\/67","targetHints":{"allow":["GET"]}}],"collection":[{"href":"https:\/\/www.museunacional.cat\/mesromanic\/wp-json\/wp\/v2\/pages"}],"about":[{"href":"https:\/\/www.museunacional.cat\/mesromanic\/wp-json\/wp\/v2\/types\/page"}],"author":[{"embeddable":true,"href":"https:\/\/www.museunacional.cat\/mesromanic\/wp-json\/wp\/v2\/users\/2"}],"replies":[{"embeddable":true,"href":"https:\/\/www.museunacional.cat\/mesromanic\/wp-json\/wp\/v2\/comments?post=67"}],"version-history":[{"count":9,"href":"https:\/\/www.museunacional.cat\/mesromanic\/wp-json\/wp\/v2\/pages\/67\/revisions"}],"predecessor-version":[{"id":570,"href":"https:\/\/www.museunacional.cat\/mesromanic\/wp-json\/wp\/v2\/pages\/67\/revisions\/570"}],"up":[{"embeddable":true,"href":"https:\/\/www.museunacional.cat\/mesromanic\/wp-json\/wp\/v2\/pages\/2"}],"wp:attachment":[{"href":"https:\/\/www.museunacional.cat\/mesromanic\/wp-json\/wp\/v2\/media?parent=67"}],"curies":[{"name":"wp","href":"https:\/\/api.w.org\/{rel}","templated":true}]}}