{"id":60,"date":"2023-05-22T13:10:18","date_gmt":"2023-05-22T11:10:18","guid":{"rendered":"https:\/\/www.museunacional.cat\/mesromanic\/?page_id=60"},"modified":"2023-05-23T16:28:07","modified_gmt":"2023-05-23T14:28:07","slug":"historia-dels-arrancaments","status":"publish","type":"page","link":"https:\/\/www.museunacional.cat\/mesromanic\/historia-dels-arrancaments\/","title":{"rendered":"Hist\u00f2ria dels arrencaments"},"content":{"rendered":"\n<p>La part m\u00e9s important de la col\u00b7lecci\u00f3 de pintura mural del museu es va reunir en una operaci\u00f3 duta a terme entre els anys 1919 i 1923. S&#8217;havia descobert que les pintures rom\u00e0niques de l\u2019esgl\u00e9sia de Santa Maria de Mur, al Pallars Juss\u00e0, s&#8217;havien venut i s&#8217;estaven arrencant del mur. Es va considerar que la resta de la pintura mural rom\u00e0nica catalana estava en perill. L&#8217;actuaci\u00f3 decidida de la Junta de Museus i de Joaquim Folch i Torres, aleshores director del museu, va capgirar la situaci\u00f3. Entre la tardor de 1919 i 1923, es van adquirir les pintures, es van arrencar del seu suport original, els murs de les esgl\u00e9sies, i es van traslladar a Barcelona, on es van fixar en un altre suport i es van preparar per ser exposades al museu.<\/p>\n\n\n\n<p>Gaireb\u00e9 totes les pintures murals rom\u00e0niques del museu es van arrencar amb la t\u00e8cnica de l\u2019strappo, \u00e9s a dir, nom\u00e9s es va extreure la capa pict\u00f2rica i es va deixar l\u2019arrebossat a la paret d\u2019origen. En el proc\u00e9s t\u00e8cnic de pintar damunt del mur al fresc els pigments s&#8217;apliquen sobre el mur damunt una capa de morter que encara est\u00e0 humida. Quan el morter s&#8217;asseca, els pigments cristal\u00b7litzen junt amb el morter. A Catalunya, els pigments m\u00e9s utilitzats en \u00e8poca rom\u00e0nica eren terres naturals d&#8217;origen pirinenc: hematites per al vermell o aerinita per al blau. en casos excepcionals se n&#8217;usaven d&#8217;importaci\u00f3, com ara el lapisl\u00e0tzuli i atzurita per al blau.<\/p>\n\n\n\n<div style=\"height:100px\" aria-hidden=\"true\" class=\"wp-block-spacer\"><\/div>\n\n\n\n<figure class=\"wp-block-embed is-type-video is-provider-youtube wp-block-embed-youtube wp-embed-aspect-16-9 wp-has-aspect-ratio\"><div class=\"wp-block-embed__wrapper\">\n<iframe loading=\"lazy\" title=\"Arrencament de les pintures murals de Sant Joan de Bo\u00ed.1978\" width=\"640\" height=\"360\" src=\"https:\/\/www.youtube.com\/embed\/7iKGygMD3OM?feature=oembed\" frameborder=\"0\" allow=\"accelerometer; autoplay; clipboard-write; encrypted-media; gyroscope; picture-in-picture; web-share\" referrerpolicy=\"strict-origin-when-cross-origin\" allowfullscreen><\/iframe>\n<\/div><\/figure>\n","protected":false},"excerpt":{"rendered":"<p>La part m\u00e9s important de la col\u00b7lecci\u00f3 de pintura mural del museu es va reunir en una operaci\u00f3 duta a terme entre els anys 1919 i 1923. S&#8217;havia descobert que les pintures rom\u00e0niques de l\u2019esgl\u00e9sia de Santa Maria de Mur, al Pallars Juss\u00e0, s&#8217;havien venut i s&#8217;estaven arrencant del mur. Es va considerar que la [&hellip;]<\/p>\n","protected":false},"author":2,"featured_media":0,"parent":0,"menu_order":0,"comment_status":"closed","ping_status":"closed","template":"","meta":{"footnotes":""},"class_list":["post-60","page","type-page","status-publish","hentry"],"blog_post_layout_featured_media_urls":{"thumbnail":"","full":""},"categories_names":null,"comments_number":"0","_links":{"self":[{"href":"https:\/\/www.museunacional.cat\/mesromanic\/wp-json\/wp\/v2\/pages\/60","targetHints":{"allow":["GET"]}}],"collection":[{"href":"https:\/\/www.museunacional.cat\/mesromanic\/wp-json\/wp\/v2\/pages"}],"about":[{"href":"https:\/\/www.museunacional.cat\/mesromanic\/wp-json\/wp\/v2\/types\/page"}],"author":[{"embeddable":true,"href":"https:\/\/www.museunacional.cat\/mesromanic\/wp-json\/wp\/v2\/users\/2"}],"replies":[{"embeddable":true,"href":"https:\/\/www.museunacional.cat\/mesromanic\/wp-json\/wp\/v2\/comments?post=60"}],"version-history":[{"count":8,"href":"https:\/\/www.museunacional.cat\/mesromanic\/wp-json\/wp\/v2\/pages\/60\/revisions"}],"predecessor-version":[{"id":172,"href":"https:\/\/www.museunacional.cat\/mesromanic\/wp-json\/wp\/v2\/pages\/60\/revisions\/172"}],"wp:attachment":[{"href":"https:\/\/www.museunacional.cat\/mesromanic\/wp-json\/wp\/v2\/media?parent=60"}],"curies":[{"name":"wp","href":"https:\/\/api.w.org\/{rel}","templated":true}]}}