{"id":319,"date":"2023-06-01T10:29:59","date_gmt":"2023-06-01T08:29:59","guid":{"rendered":"https:\/\/www.museunacional.cat\/mesromanic\/?page_id=319"},"modified":"2024-09-27T11:58:55","modified_gmt":"2024-09-27T09:58:55","slug":"lequip","status":"publish","type":"page","link":"https:\/\/www.museunacional.cat\/mesromanic\/lequip\/","title":{"rendered":"L&#8217;equip"},"content":{"rendered":"\n<p><\/p>\n\n\n\n<p>\u00c0rea de Restauraci\u00f3 i Conservaci\u00f3 Preventiva:<\/p>\n\n\n\n<hr class=\"wp-block-separator has-alpha-channel-opacity\"\/>\n\n\n\n<p><strong>Paz Marqu\u00e8s Emo,<\/strong> conservadora-restauradora<\/p>\n\n\n\n<p><strong>Cristina Mart\u00ed Robledo<\/strong>, conservadora-restauradora<\/p>\n\n\n\n<p><strong>Jes\u00fas Zornoza Esteban,<\/strong> conservador-restaurador<\/p>\n\n\n\n<p><strong>Carles Rib\u00f3 Arnau,<\/strong> conservador-restaurador<\/p>\n\n\n\n<p><strong>Pere de Llobet Masachs,<\/strong> conservador-restaurador<\/p>\n\n\n\n<p><strong>Mireia Campuzano Ler\u00edn,<\/strong> documentalista<\/p>\n\n\n\n<p><strong>N\u00faria Oriols Pladevall<\/strong>, qu\u00edmica i conservadora-restauradora<\/p>\n\n\n\n<p><strong>Carme Ramells Cabrelles<\/strong>, Cap d\u2019\u00c0rea de Restauraci\u00f3 i Conservaci\u00f3 Preventiva<\/p>\n\n\n\n<p><strong>Mireia Mestre Camp\u00e0,&nbsp;<\/strong>Cap d\u2019\u00c0rea de Restauraci\u00f3 i Conservaci\u00f3 Preventiva fins al setembre de 2022<\/p>\n\n\n\n<p><strong>Paola Potenza<\/strong>, Conservadora-restauradora de la Fundaci\u00f3 Isabel und Balz Baechi<\/p>\n\n\n\n<p><\/p>\n\n\n\n<p>Amb la col\u00b7laboraci\u00f3 del Grup d\u2019An\u00e0lisi de Materials del Patrimoni Cultural, AMPC, de la UPC<\/p>\n\n\n\n<p><\/p>\n\n\n\n<p>\u00c0rea d&#8217;art medieval, col\u00b7lecci\u00f3 d&#8217;art rom\u00e0nic<\/p>\n\n\n\n<hr class=\"wp-block-separator has-alpha-channel-opacity\"\/>\n\n\n\n<p><strong>Gemma Ylla-Catal\u00e0<\/strong>, col\u00b7lecci\u00f3 d\u2019art rom\u00e0nic&nbsp;<\/p>\n\n\n\n<p><strong>Jordi Camps S\u00f2ria, <\/strong>conservador en cap de l\u2019\u00c0rea de Medieval fins a l&#8217;octubre de 2022<\/p>\n\n\n\n<p><strong>Montserrat Pag\u00e8s Paretas<\/strong>, conservadora d&#8217;art rom\u00e0nic fins al juliol de 2016<\/p>\n\n\n\n<div style=\"height:100px\" aria-hidden=\"true\" class=\"wp-block-spacer\"><\/div>\n\n\n\n<p><\/p>\n","protected":false},"excerpt":{"rendered":"<p>\u00c0rea de Restauraci\u00f3 i Conservaci\u00f3 Preventiva: Paz Marqu\u00e8s Emo, conservadora-restauradora Cristina Mart\u00ed Robledo, conservadora-restauradora Jes\u00fas Zornoza Esteban, conservador-restaurador Carles Rib\u00f3 Arnau, conservador-restaurador Pere de Llobet Masachs, conservador-restaurador Mireia Campuzano Ler\u00edn, documentalista N\u00faria Oriols Pladevall, qu\u00edmica i conservadora-restauradora Carme Ramells Cabrelles, Cap d\u2019\u00c0rea de Restauraci\u00f3 i Conservaci\u00f3 Preventiva Mireia Mestre Camp\u00e0,&nbsp;Cap d\u2019\u00c0rea de Restauraci\u00f3 i Conservaci\u00f3 [&hellip;]<\/p>\n","protected":false},"author":2,"featured_media":0,"parent":0,"menu_order":0,"comment_status":"closed","ping_status":"closed","template":"","meta":{"footnotes":""},"class_list":["post-319","page","type-page","status-publish","hentry"],"blog_post_layout_featured_media_urls":{"thumbnail":"","full":""},"categories_names":null,"comments_number":"0","_links":{"self":[{"href":"https:\/\/www.museunacional.cat\/mesromanic\/wp-json\/wp\/v2\/pages\/319","targetHints":{"allow":["GET"]}}],"collection":[{"href":"https:\/\/www.museunacional.cat\/mesromanic\/wp-json\/wp\/v2\/pages"}],"about":[{"href":"https:\/\/www.museunacional.cat\/mesromanic\/wp-json\/wp\/v2\/types\/page"}],"author":[{"embeddable":true,"href":"https:\/\/www.museunacional.cat\/mesromanic\/wp-json\/wp\/v2\/users\/2"}],"replies":[{"embeddable":true,"href":"https:\/\/www.museunacional.cat\/mesromanic\/wp-json\/wp\/v2\/comments?post=319"}],"version-history":[{"count":6,"href":"https:\/\/www.museunacional.cat\/mesromanic\/wp-json\/wp\/v2\/pages\/319\/revisions"}],"predecessor-version":[{"id":755,"href":"https:\/\/www.museunacional.cat\/mesromanic\/wp-json\/wp\/v2\/pages\/319\/revisions\/755"}],"wp:attachment":[{"href":"https:\/\/www.museunacional.cat\/mesromanic\/wp-json\/wp\/v2\/media?parent=319"}],"curies":[{"name":"wp","href":"https:\/\/api.w.org\/{rel}","templated":true}]}}