{"id":185,"date":"2023-05-23T16:40:03","date_gmt":"2023-05-23T14:40:03","guid":{"rendered":"https:\/\/www.museunacional.cat\/mesromanic\/?page_id=185"},"modified":"2023-07-17T13:57:03","modified_gmt":"2023-07-17T11:57:03","slug":"congres","status":"publish","type":"page","link":"https:\/\/www.museunacional.cat\/mesromanic\/congres\/","title":{"rendered":"Congr\u00e9s internacional"},"content":{"rendered":"\n<figure class=\"wp-block-image size-large\"><img loading=\"lazy\" decoding=\"async\" width=\"1024\" height=\"449\" src=\"https:\/\/www.museunacional.cat\/mesromanic\/wp-content\/uploads\/2023\/06\/HeaderWEBCAT-1024x449.jpg\" alt=\"\" class=\"wp-image-412\" srcset=\"https:\/\/www.museunacional.cat\/mesromanic\/wp-content\/uploads\/2023\/06\/HeaderWEBCAT-1024x449.jpg 1024w, https:\/\/www.museunacional.cat\/mesromanic\/wp-content\/uploads\/2023\/06\/HeaderWEBCAT-300x132.jpg 300w, https:\/\/www.museunacional.cat\/mesromanic\/wp-content\/uploads\/2023\/06\/HeaderWEBCAT-768x337.jpg 768w, https:\/\/www.museunacional.cat\/mesromanic\/wp-content\/uploads\/2023\/06\/HeaderWEBCAT.jpg 1140w\" sizes=\"auto, (max-width: 1024px) 100vw, 1024px\" \/><\/figure>\n\n\n\n<div style=\"height:50px\" aria-hidden=\"true\" class=\"wp-block-spacer\"><\/div>\n\n\n\n<p>El Museu Nacional acull la segona edici\u00f3 dels<em> Incontri Mediterranei<\/em> (Trobades Mediterr\u00e0nies), la primera edici\u00f3 de la qual es va portar a terme a Roma l\u2019any 2019. Es tracta d\u2019un ambici\u00f3s congr\u00e9s internacional sobre art medieval que neix de l\u2019estreta col\u00b7laboraci\u00f3 entre el Museu Nacional d\u2019Art de Catalunya, la Sapienza Universit\u00e0 di Roma i la Universitat Aut\u00f2noma de Barcelona, amb l\u2019objectiu de fomentar l\u2019estudi i la caracteritzaci\u00f3 dels fen\u00f2mens art\u00edstics del Mediterrani medieval, la circulaci\u00f3 de repertoris i artistes, aix\u00ed com els rics processos d\u2019intercanvi que els distingeixen. En aquesta trobada es debatr\u00e0 sobre la problem\u00e0tica de com funcionava la distribuci\u00f3 tem\u00e0tica i la percepci\u00f3 de l\u2019espai en una esgl\u00e9sia pintada, des dels or\u00edgens al segle XIII, i quines estrat\u00e8gies han desenvolupat els museus i els llocs originals per ajudar l\u2019espectador a reconstruir aquesta experi\u00e8ncia. En el congr\u00e9s hi participen ponents&nbsp;d&#8217;institucions muse\u00edstiques&nbsp;i del patrimoni (Museu Nacional d&#8217;Art de Catalunya, Byzantine Museum Nicosia, Monuments historiques),&nbsp;universitats&nbsp;( Cleveland, Atenes,&nbsp;Aix-en-Provence,&nbsp;Roma, Mil\u00e0,&nbsp;Flor\u00e8ncia, Bolonya, Urbino,&nbsp;Verona, Cat\u00e0nia, la Universitat Complutense de Madrid i la Universitat Aut\u00f2noma de Barcelona).<\/p>\n\n\n\n<p><strong>L\u00b4objectiu<\/strong> d\u00b4aquest congr\u00e9s ser\u00e0 analitzar com era la distribuci\u00f3 d\u00b4imatges en una esgl\u00e9sia pintada i la percepci\u00f3 original de l\u00b4espai en aquests conjunts des dels seus or\u00edgens fins al segle XIII. Volem centrar-nos en el tema de l&#8217;arrencament de pintures murals medievals (o mosaics parietals) i les estrat\u00e8gies que s&#8217;han dut a terme a museus i llocs originals per ajudar l&#8217;espectador a recrear l&#8217;experi\u00e8ncia primig\u00e8nia d&#8217;aquests conjunts. El congr\u00e9s abordar\u00e0 els cicles de pintura mural medieval i del mosaic parietal a tota la Mediterr\u00e0nia des dels segles IV al XIII (Terra Santa, Egipte, Xipre, Gr\u00e8cia, It\u00e0lia, Fran\u00e7a i Pen\u00ednsula Ib\u00e8rica).&nbsp;<\/p>\n\n\n\n<p><strong>Comit\u00e8 cient\u00edfic:<\/strong> Jordi Camps (Museu Nacional d\u2019Art de Catalunya), Anna Maria D\u2019Achille (Sapienza Universit\u00e0 di Roma), Antonio Iacobini (Sapienza Universit\u00e0 di Roma), Marina Righetti (Sapienza Universit\u00e0 di Roma) i Manuel Casti\u00f1eiras (Universitat Aut\u00f2noma de Barcelona)<\/p>\n\n\n\n<p><strong>Lloc i Dates:<\/strong> Museu Nacional d\u2019Art de Catalunya,&nbsp;del 13-15 de setembre de 2023.<\/p>\n\n\n\n<p><\/p>\n\n\n\n<p><strong>Inscripcions obertes<\/strong>: <a rel=\"noreferrer noopener\" href=\"https:\/\/www.congresromanicbarcelona.cat\/inici?lang=ca\" data-type=\"URL\" data-id=\"https:\/\/www.congresromanicbarcelona.cat\/inici?lang=ca\" target=\"_blank\">web del congr\u00e9s<\/a> | &nbsp;<a rel=\"noreferrer noopener\" href=\"mailto:congres.romanic@museunacional.cat\" target=\"_blank\">congres.romanic@museunacional.cat<\/a>&nbsp;<\/p>\n\n\n\n<p>Traducci\u00f3 simult\u00e0nia al catal\u00e0, castell\u00e0, angl\u00e8s i itali\u00e0<\/p>\n\n\n\n<div style=\"height:100px\" aria-hidden=\"true\" class=\"wp-block-spacer\"><\/div>\n\n\n\n<figure class=\"wp-block-image size-full\"><img loading=\"lazy\" decoding=\"async\" width=\"1024\" height=\"147\" src=\"https:\/\/www.museunacional.cat\/mesromanic\/wp-content\/uploads\/2023\/06\/logos_congres.png\" alt=\"Logotips congr\u00e9s\" class=\"wp-image-599\" srcset=\"https:\/\/www.museunacional.cat\/mesromanic\/wp-content\/uploads\/2023\/06\/logos_congres.png 1024w, https:\/\/www.museunacional.cat\/mesromanic\/wp-content\/uploads\/2023\/06\/logos_congres-300x43.png 300w, https:\/\/www.museunacional.cat\/mesromanic\/wp-content\/uploads\/2023\/06\/logos_congres-768x110.png 768w\" sizes=\"auto, (max-width: 1024px) 100vw, 1024px\" \/><\/figure>\n\n\n\n<p class=\"has-text-align-center\">Col\u00b7labora<\/p>\n\n\n<div class=\"wp-block-image\">\n<figure class=\"aligncenter size-full is-resized\"><img loading=\"lazy\" decoding=\"async\" src=\"https:\/\/www.museunacional.cat\/mesromanic\/wp-content\/uploads\/2023\/06\/CRVB-1.jpg\" alt=\"Consorci patrimoni mundial de la Vall de Bo\u00ed. Centre del rom\u00e0nic\" class=\"wp-image-607\" width=\"250\" height=\"106\" srcset=\"https:\/\/www.museunacional.cat\/mesromanic\/wp-content\/uploads\/2023\/06\/CRVB-1.jpg 500w, https:\/\/www.museunacional.cat\/mesromanic\/wp-content\/uploads\/2023\/06\/CRVB-1-300x127.jpg 300w\" sizes=\"auto, (max-width: 250px) 100vw, 250px\" \/><\/figure>\n<\/div>\n\n\n<div style=\"height:100px\" aria-hidden=\"true\" class=\"wp-block-spacer\"><\/div>\n","protected":false},"excerpt":{"rendered":"<p>El Museu Nacional acull la segona edici\u00f3 dels Incontri Mediterranei (Trobades Mediterr\u00e0nies), la primera edici\u00f3 de la qual es va portar a terme a Roma l\u2019any 2019. Es tracta d\u2019un ambici\u00f3s congr\u00e9s internacional sobre art medieval que neix de l\u2019estreta col\u00b7laboraci\u00f3 entre el Museu Nacional d\u2019Art de Catalunya, la Sapienza Universit\u00e0 di Roma i la [&hellip;]<\/p>\n","protected":false},"author":2,"featured_media":0,"parent":0,"menu_order":0,"comment_status":"closed","ping_status":"closed","template":"","meta":{"footnotes":""},"class_list":["post-185","page","type-page","status-publish","hentry"],"blog_post_layout_featured_media_urls":{"thumbnail":"","full":""},"categories_names":null,"comments_number":"0","_links":{"self":[{"href":"https:\/\/www.museunacional.cat\/mesromanic\/wp-json\/wp\/v2\/pages\/185","targetHints":{"allow":["GET"]}}],"collection":[{"href":"https:\/\/www.museunacional.cat\/mesromanic\/wp-json\/wp\/v2\/pages"}],"about":[{"href":"https:\/\/www.museunacional.cat\/mesromanic\/wp-json\/wp\/v2\/types\/page"}],"author":[{"embeddable":true,"href":"https:\/\/www.museunacional.cat\/mesromanic\/wp-json\/wp\/v2\/users\/2"}],"replies":[{"embeddable":true,"href":"https:\/\/www.museunacional.cat\/mesromanic\/wp-json\/wp\/v2\/comments?post=185"}],"version-history":[{"count":35,"href":"https:\/\/www.museunacional.cat\/mesromanic\/wp-json\/wp\/v2\/pages\/185\/revisions"}],"predecessor-version":[{"id":629,"href":"https:\/\/www.museunacional.cat\/mesromanic\/wp-json\/wp\/v2\/pages\/185\/revisions\/629"}],"wp:attachment":[{"href":"https:\/\/www.museunacional.cat\/mesromanic\/wp-json\/wp\/v2\/media?parent=185"}],"curies":[{"name":"wp","href":"https:\/\/api.w.org\/{rel}","templated":true}]}}