{"id":585,"date":"2023-06-01T10:29:59","date_gmt":"2023-06-01T08:29:59","guid":{"rendered":"https:\/\/www.museunacional.cat\/mesromanic\/el-equipo\/"},"modified":"2023-06-07T15:36:01","modified_gmt":"2023-06-07T13:36:01","slug":"el-equipo","status":"publish","type":"page","link":"https:\/\/www.museunacional.cat\/mesromanic\/es\/el-equipo\/","title":{"rendered":"El equipo"},"content":{"rendered":"\n<p><\/p>\n\n<p>\u00c1rea de Restauraci\u00f3n y Conservaci\u00f3n Preventiva:<\/p>\n\n<hr class=\"wp-block-separator has-alpha-channel-opacity\"\/>\n\n<p><strong>Paz Marqu\u00e8s Emo,<\/strong> conservadora-restauradora<\/p>\n\n<p><strong>Cristina Mart\u00ed Robledo<\/strong>, conservadora-restauradora<\/p>\n\n<p><strong>Jes\u00fas Zornoza Esteban,<\/strong> conservador-restaurador<\/p>\n\n<p><strong>Carles Rib\u00f3 Arnau,<\/strong> conservador-restaurador<\/p>\n\n<p><strong>Pere de Llobet Masachs,<\/strong> conservador-restaurador<\/p>\n\n<p><strong>Mireia Campuzano Ler\u00edn,<\/strong> documentalista<\/p>\n\n<p><strong>N\u00faria Oriols Pladevall<\/strong>, qu\u00edmica y conservadora-restauradora<\/p>\n\n<p><strong>Carme Ramells Cabrelles<\/strong>, Jefa del \u00c1rea de Restauraci\u00f3n y Conservaci\u00f3n Preventiva<\/p>\n\n<p><strong>Mireia Mestre Camp\u00e0,<\/strong> Jefa de l&#8217;\u00c1rea de Restauraci\u00f3n y Conservaci\u00f3n Preventiva hasta septiembre de 2022<\/p>\n\n<p>\n          <strong>Con la colaboraci\u00f3n del Grupo de An\u00e1lisis de Materiales del Patrimoni Cultural, AMPC, de la UPC<\/strong>\n        <\/p>\n\n<p><\/p>\n\n<div style=\"height:57px\" aria-hidden=\"true\" class=\"wp-block-spacer\"><\/div>\n\n<p>\u00c1rea de arte medieval, colecci\u00f3n de arte rom\u00e1nico<\/p>\n\n<hr class=\"wp-block-separator has-alpha-channel-opacity\"\/>\n\n<p><strong>Gemma Ylla-Catal\u00e0<\/strong>, colecci\u00f3n de arte rom\u00e1nico <\/p>\n\n<p><strong>Jordi Camps S\u00f2ria, <\/strong>conservador jefe de \u00c1rea de Medieval hasta octubre de 2022<\/p>\n\n<p><strong>Montserrat Pag\u00e8s Paretas<\/strong>, conservadora de arte rom\u00e1nico hasta julio de 2016<\/p>\n\n<div style=\"height:100px\" aria-hidden=\"true\" class=\"wp-block-spacer\"><\/div>\n\n<p><\/p>\n","protected":false},"excerpt":{"rendered":"<p>\u00c1rea de Restauraci\u00f3n y Conservaci\u00f3n Preventiva: Paz Marqu\u00e8s Emo, conservadora-restauradora Cristina Mart\u00ed Robledo, conservadora-restauradora Jes\u00fas Zornoza Esteban, conservador-restaurador Carles Rib\u00f3 Arnau, conservador-restaurador Pere de Llobet Masachs, conservador-restaurador Mireia Campuzano Ler\u00edn, documentalista N\u00faria Oriols Pladevall, qu\u00edmica y conservadora-restauradora Carme Ramells Cabrelles, Jefa del \u00c1rea de Restauraci\u00f3n y Conservaci\u00f3n Preventiva Mireia Mestre Camp\u00e0, Jefa de l&#8217;\u00c1rea de [&hellip;]<\/p>\n","protected":false},"author":2,"featured_media":0,"parent":0,"menu_order":0,"comment_status":"closed","ping_status":"closed","template":"","meta":{"footnotes":""},"class_list":["post-585","page","type-page","status-publish","hentry"],"blog_post_layout_featured_media_urls":{"thumbnail":"","full":""},"categories_names":null,"comments_number":"0","_links":{"self":[{"href":"https:\/\/www.museunacional.cat\/mesromanic\/es\/wp-json\/wp\/v2\/pages\/585","targetHints":{"allow":["GET"]}}],"collection":[{"href":"https:\/\/www.museunacional.cat\/mesromanic\/es\/wp-json\/wp\/v2\/pages"}],"about":[{"href":"https:\/\/www.museunacional.cat\/mesromanic\/es\/wp-json\/wp\/v2\/types\/page"}],"author":[{"embeddable":true,"href":"https:\/\/www.museunacional.cat\/mesromanic\/es\/wp-json\/wp\/v2\/users\/2"}],"replies":[{"embeddable":true,"href":"https:\/\/www.museunacional.cat\/mesromanic\/es\/wp-json\/wp\/v2\/comments?post=585"}],"version-history":[{"count":1,"href":"https:\/\/www.museunacional.cat\/mesromanic\/es\/wp-json\/wp\/v2\/pages\/585\/revisions"}],"predecessor-version":[{"id":586,"href":"https:\/\/www.museunacional.cat\/mesromanic\/es\/wp-json\/wp\/v2\/pages\/585\/revisions\/586"}],"wp:attachment":[{"href":"https:\/\/www.museunacional.cat\/mesromanic\/es\/wp-json\/wp\/v2\/media?parent=585"}],"curies":[{"name":"wp","href":"https:\/\/api.w.org\/{rel}","templated":true}]}}