{"id":568,"date":"2023-05-22T13:10:31","date_gmt":"2023-05-22T11:10:31","guid":{"rendered":"https:\/\/www.museunacional.cat\/mesromanic\/528-2\/operacion-romanico\/"},"modified":"2023-06-07T11:02:29","modified_gmt":"2023-06-07T09:02:29","slug":"operacion-romanico","status":"publish","type":"page","link":"https:\/\/www.museunacional.cat\/mesromanic\/es\/528-2\/operacion-romanico\/","title":{"rendered":"Operaci\u00f3n rom\u00e1nico"},"content":{"rendered":"\n          \n\n          <figure class=\"wp-block-embed aligncenter is-type-video is-provider-youtube wp-block-embed-youtube wp-embed-aspect-16-9 wp-has-aspect-ratio\">\n            <div class=\"wp-block-embed__wrapper\">\n<iframe loading=\"lazy\" title=\"#M\u00e9sRom\u00e0nic\" width=\"640\" height=\"360\" src=\"https:\/\/www.youtube.com\/embed\/sOgZMnBj3w0?feature=oembed\" frameborder=\"0\" allow=\"accelerometer; autoplay; clipboard-write; encrypted-media; gyroscope; picture-in-picture; web-share\" referrerpolicy=\"strict-origin-when-cross-origin\" allowfullscreen><\/iframe>\n<\/div>\n          <\/figure>\n          \n\n        \n\n<p>A partir de este mes de mayo el Museo inicia los trabajos para incorporar a los conjuntos de Sant Climent de Ta\u00fcll, Sant Pere del Burgal y Sant Joan de Bo\u00ed fragmentos de pintura mural conservados hasta ahora en la reserva. Una vez finalizados, estos trabajos completar\u00e1n de forma muy significativa la lectura actual de unos conjuntos que son el coraz\u00f3n de la colecci\u00f3n del Museu Nacional.<\/p>\n\n<p>Los equipos t\u00e9cnicos del Museo han trabajado de forma interdisciplinaria en la recuperaci\u00f3n de estos fragmentos y han podido identificarlos, estudiarlos y restaurarlos. Una vez determinada su ubicaci\u00f3n original, se incorporar\u00e1n progresivamente a las salas en una operaci\u00f3n que finalizar\u00e1 en septiembre.<\/p>\n\n<p>En los casos de Sant Climent de Ta\u00fcll y Sant Pere del Burgal, se trata de la incorporaci\u00f3n de figuras muy relevantes y de gran tama\u00f1o, que completar\u00e1n notablemente la lectura de estos conjuntos, ya sea porque se trata de fragmentos de dimensiones considerables o bien porque la propia representaci\u00f3n iconogr\u00e1fica se conserva muy \u00edntegra, como es el caso de la figura de Ca\u00edn, del \u00e1bside de Sant Climent de Ta\u00fcll. En el caso de Sant Joan de Bo\u00ed se incorporar\u00e1n fragmentos de la decoraci\u00f3n de las pinturas que se ubicaban en las columnas de la iglesia.<\/p>\n\n<p>La incorporaci\u00f3n de estas pinturas en las salas abiertas al p\u00fablico ha comportado unas actuaciones previas complejas y de larga duraci\u00f3n: el estudio de los fragmentos, su historia y localizaci\u00f3n, la consolidaci\u00f3n y limpieza de los materiales, la preparaci\u00f3n de calcos de las im\u00e1genes para comprobar su encaje y la realizaci\u00f3n de an\u00e1lisis qu\u00edmicos de los materiales que aportan informaci\u00f3n sobre la naturaleza de los pigmentos as\u00ed como datos in\u00e9ditos sobre el proceso de ejecuci\u00f3n de las pinturas que los maestros medievales emplearon para realizarlas y, finalmente, la relectura del conjunto m\u00e1s completo.<\/p>\n\n<p>Cuando se cumplen 900 a\u00f1os de la consagraci\u00f3n de las iglesias de Sant Climent y Santa Maria de Ta\u00fcll y en el contexto del centenario del redescubrimiento, arranque y musealizaci\u00f3n de las pinturas murales, as\u00ed como de la formaci\u00f3n del n\u00facleo principal de la colecci\u00f3n actual de arte rom\u00e1nico, el Museo Nacional ha iniciado una serie de proyectos, de formatos y dimensiones diversas que, por la complejidad y caracter\u00edsticas especiales de este conjunto \u00fanico de obras, se alargar\u00e1n durante un ciclo de tres a\u00f1os, de 2023 en 2025.<\/p>\n\n<p><\/p>\n\n<figure class=\"wp-block-gallery has-nested-images columns-default is-cropped wp-block-gallery-1 is-layout-flex wp-block-gallery-is-layout-flex\">\n<figure class=\"wp-block-image size-large\"><img loading=\"lazy\" decoding=\"async\" width=\"1024\" height=\"798\" data-id=\"183\" src=\"https:\/\/www.museunacional.cat\/mesromanic\/wp-content\/uploads\/2023\/05\/113138-002-retirada-fragment-1024x798.jpg\" alt=\"\" class=\"wp-image-183\" srcset=\"https:\/\/www.museunacional.cat\/mesromanic\/wp-content\/uploads\/2023\/05\/113138-002-retirada-fragment-1024x798.jpg 1024w, https:\/\/www.museunacional.cat\/mesromanic\/wp-content\/uploads\/2023\/05\/113138-002-retirada-fragment-300x234.jpg 300w, https:\/\/www.museunacional.cat\/mesromanic\/wp-content\/uploads\/2023\/05\/113138-002-retirada-fragment-768x599.jpg 768w, https:\/\/www.museunacional.cat\/mesromanic\/wp-content\/uploads\/2023\/05\/113138-002-retirada-fragment-1536x1197.jpg 1536w, https:\/\/www.museunacional.cat\/mesromanic\/wp-content\/uploads\/2023\/05\/113138-002-retirada-fragment-2048x1597.jpg 2048w\" sizes=\"auto, (max-width: 1024px) 100vw, 1024px\" \/><\/figure>\n\n\n\n<figure class=\"wp-block-image size-large\"><img loading=\"lazy\" decoding=\"async\" width=\"1024\" height=\"768\" data-id=\"182\" src=\"https:\/\/www.museunacional.cat\/mesromanic\/wp-content\/uploads\/2023\/05\/200750_044-1024x768.jpg\" alt=\"\" class=\"wp-image-182\" srcset=\"https:\/\/www.museunacional.cat\/mesromanic\/wp-content\/uploads\/2023\/05\/200750_044-1024x768.jpg 1024w, https:\/\/www.museunacional.cat\/mesromanic\/wp-content\/uploads\/2023\/05\/200750_044-300x225.jpg 300w, https:\/\/www.museunacional.cat\/mesromanic\/wp-content\/uploads\/2023\/05\/200750_044-768x576.jpg 768w, https:\/\/www.museunacional.cat\/mesromanic\/wp-content\/uploads\/2023\/05\/200750_044-1536x1152.jpg 1536w, https:\/\/www.museunacional.cat\/mesromanic\/wp-content\/uploads\/2023\/05\/200750_044-2048x1536.jpg 2048w\" sizes=\"auto, (max-width: 1024px) 100vw, 1024px\" \/><\/figure>\n<\/figure>\n","protected":false},"excerpt":{"rendered":"<p>A partir de este mes de mayo el Museo inicia los trabajos para incorporar a los conjuntos de Sant Climent de Ta\u00fcll, Sant Pere del Burgal y Sant Joan de Bo\u00ed fragmentos de pintura mural conservados hasta ahora en la reserva. Una vez finalizados, estos trabajos completar\u00e1n de forma muy significativa la lectura actual de [&hellip;]<\/p>\n","protected":false},"author":2,"featured_media":0,"parent":528,"menu_order":0,"comment_status":"closed","ping_status":"closed","template":"","meta":{"footnotes":""},"class_list":["post-568","page","type-page","status-publish","hentry"],"blog_post_layout_featured_media_urls":{"thumbnail":"","full":""},"categories_names":null,"comments_number":"0","_links":{"self":[{"href":"https:\/\/www.museunacional.cat\/mesromanic\/es\/wp-json\/wp\/v2\/pages\/568","targetHints":{"allow":["GET"]}}],"collection":[{"href":"https:\/\/www.museunacional.cat\/mesromanic\/es\/wp-json\/wp\/v2\/pages"}],"about":[{"href":"https:\/\/www.museunacional.cat\/mesromanic\/es\/wp-json\/wp\/v2\/types\/page"}],"author":[{"embeddable":true,"href":"https:\/\/www.museunacional.cat\/mesromanic\/es\/wp-json\/wp\/v2\/users\/2"}],"replies":[{"embeddable":true,"href":"https:\/\/www.museunacional.cat\/mesromanic\/es\/wp-json\/wp\/v2\/comments?post=568"}],"version-history":[{"count":1,"href":"https:\/\/www.museunacional.cat\/mesromanic\/es\/wp-json\/wp\/v2\/pages\/568\/revisions"}],"predecessor-version":[{"id":569,"href":"https:\/\/www.museunacional.cat\/mesromanic\/es\/wp-json\/wp\/v2\/pages\/568\/revisions\/569"}],"up":[{"embeddable":true,"href":"https:\/\/www.museunacional.cat\/mesromanic\/es\/wp-json\/wp\/v2\/pages\/528"}],"wp:attachment":[{"href":"https:\/\/www.museunacional.cat\/mesromanic\/es\/wp-json\/wp\/v2\/media?parent=568"}],"curies":[{"name":"wp","href":"https:\/\/api.w.org\/{rel}","templated":true}]}}