{"id":559,"date":"2023-05-23T16:40:03","date_gmt":"2023-05-23T14:40:03","guid":{"rendered":"https:\/\/www.museunacional.cat\/mesromanic\/congreso-internacional\/"},"modified":"2023-07-17T13:55:43","modified_gmt":"2023-07-17T11:55:43","slug":"congreso-internacional","status":"publish","type":"page","link":"https:\/\/www.museunacional.cat\/mesromanic\/es\/congreso-internacional\/","title":{"rendered":"Congreso internacional"},"content":{"rendered":"\n<div style=\"height:50px\" aria-hidden=\"true\" class=\"wp-block-spacer\"><\/div>\n\n\n\n<figure class=\"wp-block-image size-large\"><img loading=\"lazy\" decoding=\"async\" width=\"1024\" height=\"449\" src=\"https:\/\/www.museunacional.cat\/mesromanic\/wp-content\/uploads\/2023\/06\/HeaderWEBcast-1024x449.jpg\" alt=\"\" class=\"wp-image-526\" srcset=\"https:\/\/www.museunacional.cat\/mesromanic\/wp-content\/uploads\/2023\/06\/HeaderWEBcast-1024x449.jpg 1024w, https:\/\/www.museunacional.cat\/mesromanic\/wp-content\/uploads\/2023\/06\/HeaderWEBcast-300x132.jpg 300w, https:\/\/www.museunacional.cat\/mesromanic\/wp-content\/uploads\/2023\/06\/HeaderWEBcast-768x337.jpg 768w, https:\/\/www.museunacional.cat\/mesromanic\/wp-content\/uploads\/2023\/06\/HeaderWEBcast.jpg 1140w\" sizes=\"auto, (max-width: 1024px) 100vw, 1024px\" \/><\/figure>\n\n\n\n<p>El Museu Nacional acoge la segunda edici\u00f3n de los<strong> Incontri Mediterranei <\/strong>(Encuentros Mediterr\u00e1neos), cuya primera edici\u00f3n se llev\u00f3 a cabo en Roma en 2019. Se trata de un ambicioso congreso internacional sobre arte medieval que nace de la estrecha colaboraci\u00f3n entre el Museu Nacional d\u2019Art de Catalunya, la Sapienza Universit\u00e0 di Roma y la Universidat Aut\u00f2noma de Barcelona, \u200b\u200bcon el objetivo de fomentar el estudio y la caracterizaci\u00f3n de los fen\u00f3menos art\u00edsticos del Mediterr\u00e1neo medieval, la circulaci\u00f3n de repertorios y artistas , as\u00ed como los ricos procesos de intercambio que los distinguen. En este encuentro se debatir\u00e1 sobre la problem\u00e1tica de c\u00f3mo funcionaba la distribuci\u00f3n tem\u00e1tica y la percepci\u00f3n del espacio en una iglesia pintada, desde sus or\u00edgenes en el siglo XIII, y qu\u00e9 estrategias han desarrollado los museos y los lugares originales para ayudar al espectador a reconstruir esta experiencia. En el congreso participan ponentes de instituciones muse\u00edsticas y del patrimonio (Museu Nacional d\u2019Art de Catalunya, Byzantine Museum Nicosia, Monuments historiques) universidades (Cleveland, Atenas, Aix-en-Provence, Roma, Mil\u00e1n, Florencia, Bolonia, Urbino, Verona, Catania, la Universidad Complutense de Madrid y la Universitat Aut\u00f2noma de Barcelona).<\/p>\n\n\n\n<p><strong>El objetivo de este congreso ser\u00e1 analizar c\u00f3mo era la distribuci\u00f3n de im\u00e1genes en una iglesia pintada y la percepci\u00f3n original del espacio en estos conjuntos desde sus or\u00edgenes hasta el siglo XIII.<\/strong> Queremos centrarnos en el tema del arranque de pinturas murales medievales (o mosaicos parietales) y las estrategias que se han llevado a cabo en museos y lugares originales para ayudar al espectador a recrear la experiencia primigenia de estos conjuntos. El congreso abordar\u00e1 los ciclos de pintura mural medieval y del mosaico parietal en todo el Mediterr\u00e1neo desde los siglos IV al XIII (Tierra Santa, Egipto, Chipre, Grecia, Italia, Francia y Pen\u00ednsula Ib\u00e9rica). <\/p>\n\n\n\n<p><strong>Comit\u00e9 cient\u00edfico: Jordi Camps (Museo Nacional de Arte de Catalu\u00f1a), Anna Maria D\u2019Achille (Sapienza Universit\u00e0 di Roma), Antonio Iacobini (Sapienza Universit\u00e0 de Roma), Marina Righetti (Sapienza Universit\u00e0 di Roma) y Manuel Casti\u00f1eiras (Universidad Aut\u00f3noma de Barcelona).<\/strong><\/p>\n\n\n\n<p><strong> Lugar y Fechas: Museo Nacional de Arte de Catalu\u00f1a, del 13-15 de septiembre de 2023.<\/strong><\/p>\n\n\n\n<p><\/p>\n\n\n\n<p>Inscripciones abiertas: <a rel=\"noreferrer noopener\" href=\"https:\/\/www.congresromanicbarcelona.cat\/inici?lang=es\" data-type=\"URL\" data-id=\"https:\/\/www.congresromanicbarcelona.cat\/inici?lang=es\" target=\"_blank\">web del congreso<\/a> | <a rel=\"noreferrer noopener\" href=\"mailto:congres.romanic@museunacional.cat\" target=\"_blank\">congres.romanic@museunacional.cat<\/a> <\/p>\n\n\n\n<p>Traducci\u00f3n simult\u00e1nea al catal\u00e1n, castellano, ingl\u00e9s e italiano<\/p>\n\n\n\n<figure class=\"wp-block-image size-full\"><img loading=\"lazy\" decoding=\"async\" width=\"1024\" height=\"147\" src=\"https:\/\/www.museunacional.cat\/mesromanic\/wp-content\/uploads\/2023\/06\/logos_congres.png\" alt=\"\" class=\"wp-image-601\" srcset=\"https:\/\/www.museunacional.cat\/mesromanic\/wp-content\/uploads\/2023\/06\/logos_congres.png 1024w, https:\/\/www.museunacional.cat\/mesromanic\/wp-content\/uploads\/2023\/06\/logos_congres-300x43.png 300w, https:\/\/www.museunacional.cat\/mesromanic\/wp-content\/uploads\/2023\/06\/logos_congres-768x110.png 768w\" sizes=\"auto, (max-width: 1024px) 100vw, 1024px\" \/><\/figure>\n\n\n\n<p class=\"has-text-align-center\">Colabora<\/p>\n\n\n<div class=\"wp-block-image\">\n<figure class=\"aligncenter size-full is-resized\"><img loading=\"lazy\" decoding=\"async\" src=\"https:\/\/www.museunacional.cat\/mesromanic\/wp-content\/uploads\/2023\/06\/CRVB-1.jpg\" alt=\"Consorci patrimoni mundial de la Vall de Bo\u00ed. Centre del rom\u00e0nic\" class=\"wp-image-609\" width=\"250\" height=\"106\" srcset=\"https:\/\/www.museunacional.cat\/mesromanic\/wp-content\/uploads\/2023\/06\/CRVB-1.jpg 500w, https:\/\/www.museunacional.cat\/mesromanic\/wp-content\/uploads\/2023\/06\/CRVB-1-300x127.jpg 300w\" sizes=\"auto, (max-width: 250px) 100vw, 250px\" \/><\/figure>\n<\/div>\n\n\n<div style=\"height:100px\" aria-hidden=\"true\" class=\"wp-block-spacer\"><\/div>\n","protected":false},"excerpt":{"rendered":"<p>El Museu Nacional acoge la segunda edici\u00f3n de los Incontri Mediterranei (Encuentros Mediterr\u00e1neos), cuya primera edici\u00f3n se llev\u00f3 a cabo en Roma en 2019. Se trata de un ambicioso congreso internacional sobre arte medieval que nace de la estrecha colaboraci\u00f3n entre el Museu Nacional d\u2019Art de Catalunya, la Sapienza Universit\u00e0 di Roma y la Universidat [&hellip;]<\/p>\n","protected":false},"author":2,"featured_media":0,"parent":0,"menu_order":0,"comment_status":"closed","ping_status":"closed","template":"","meta":{"footnotes":""},"class_list":["post-559","page","type-page","status-publish","hentry"],"blog_post_layout_featured_media_urls":{"thumbnail":"","full":""},"categories_names":null,"comments_number":"0","_links":{"self":[{"href":"https:\/\/www.museunacional.cat\/mesromanic\/es\/wp-json\/wp\/v2\/pages\/559","targetHints":{"allow":["GET"]}}],"collection":[{"href":"https:\/\/www.museunacional.cat\/mesromanic\/es\/wp-json\/wp\/v2\/pages"}],"about":[{"href":"https:\/\/www.museunacional.cat\/mesromanic\/es\/wp-json\/wp\/v2\/types\/page"}],"author":[{"embeddable":true,"href":"https:\/\/www.museunacional.cat\/mesromanic\/es\/wp-json\/wp\/v2\/users\/2"}],"replies":[{"embeddable":true,"href":"https:\/\/www.museunacional.cat\/mesromanic\/es\/wp-json\/wp\/v2\/comments?post=559"}],"version-history":[{"count":6,"href":"https:\/\/www.museunacional.cat\/mesromanic\/es\/wp-json\/wp\/v2\/pages\/559\/revisions"}],"predecessor-version":[{"id":627,"href":"https:\/\/www.museunacional.cat\/mesromanic\/es\/wp-json\/wp\/v2\/pages\/559\/revisions\/627"}],"wp:attachment":[{"href":"https:\/\/www.museunacional.cat\/mesromanic\/es\/wp-json\/wp\/v2\/media?parent=559"}],"curies":[{"name":"wp","href":"https:\/\/api.w.org\/{rel}","templated":true}]}}