{"id":587,"date":"2023-06-01T10:29:59","date_gmt":"2023-06-01T08:29:59","guid":{"rendered":"https:\/\/www.museunacional.cat\/mesromanic\/the-team\/"},"modified":"2023-06-07T15:42:46","modified_gmt":"2023-06-07T13:42:46","slug":"the-team","status":"publish","type":"page","link":"https:\/\/www.museunacional.cat\/mesromanic\/en\/the-team\/","title":{"rendered":"The team"},"content":{"rendered":"\n<p><\/p>\n\n<p>Area of Restoration and Preventive Conservation<\/p>\n\n<hr class=\"wp-block-separator has-alpha-channel-opacity\"\/>\n\n<p><strong>Paz Marqu\u00e8s Emo,<\/strong> conservator-restorer<\/p>\n\n<p><strong>Cristina Mart\u00ed Robledo<\/strong>, conservator-restorer<\/p>\n\n<p><strong>Jes\u00fas Zornoza Esteban,<\/strong> conservator-restorer<\/p>\n\n<p><strong>Carles Rib\u00f3 Arnau,<\/strong> conservator-restorer<\/p>\n\n<p><strong>Pere de Llobet Masachs,<\/strong> conservator-restorer<\/p>\n\n<p><strong>Mireia Campuzano Ler\u00edn,<\/strong> documentalist<\/p>\n\n<p><strong>N\u00faria Oriols Pladevall<\/strong>, chemist and conservator-restorer<\/p>\n\n<p><strong>Carme Ramells Cabrelles<\/strong>, Chief of the area of Restoration and Preventive Conservation<\/p>\n\n<p><strong>Mireia Mestre Camp\u00e0, <\/strong>Chief of the Area of Restoration and Preventive Conservation until september 2022<\/p>\n\n<p>\n          <strong>With the collaboration of Grup d\u2019An\u00e0lisi de Materials del Patrimoni Cultural, AMPC, of UPC<\/strong>\n        <\/p>\n\n<p><\/p>\n\n<div style=\"height:57px\" aria-hidden=\"true\" class=\"wp-block-spacer\"><\/div>\n\n<p>Area of Medieval Art, Romanesque Art Collection<\/p>\n\n<hr class=\"wp-block-separator has-alpha-channel-opacity\"\/>\n\n<p><strong>Gemma Ylla-Catal\u00e0<\/strong>, Romanesque Art Collection <\/p>\n\n<p><strong>Jordi Camps S\u00f2ria, <\/strong>chief curator of the Area of Medieval Art until october 2022<\/p>\n\n<p><strong>Montserrat Pag\u00e8s Paretas<\/strong>, curator of Romanesque Art until July 2016<\/p>\n\n<div style=\"height:100px\" aria-hidden=\"true\" class=\"wp-block-spacer\"><\/div>\n\n<p><\/p>\n","protected":false},"excerpt":{"rendered":"<p>Area of Restoration and Preventive Conservation Paz Marqu\u00e8s Emo, conservator-restorer Cristina Mart\u00ed Robledo, conservator-restorer Jes\u00fas Zornoza Esteban, conservator-restorer Carles Rib\u00f3 Arnau, conservator-restorer Pere de Llobet Masachs, conservator-restorer Mireia Campuzano Ler\u00edn, documentalist N\u00faria Oriols Pladevall, chemist and conservator-restorer Carme Ramells Cabrelles, Chief of the area of Restoration and Preventive Conservation Mireia Mestre Camp\u00e0, Chief of the [&hellip;]<\/p>\n","protected":false},"author":2,"featured_media":0,"parent":0,"menu_order":0,"comment_status":"closed","ping_status":"closed","template":"","meta":{"footnotes":""},"class_list":["post-587","page","type-page","status-publish","hentry"],"blog_post_layout_featured_media_urls":{"thumbnail":"","full":""},"categories_names":null,"comments_number":"0","_links":{"self":[{"href":"https:\/\/www.museunacional.cat\/mesromanic\/en\/wp-json\/wp\/v2\/pages\/587","targetHints":{"allow":["GET"]}}],"collection":[{"href":"https:\/\/www.museunacional.cat\/mesromanic\/en\/wp-json\/wp\/v2\/pages"}],"about":[{"href":"https:\/\/www.museunacional.cat\/mesromanic\/en\/wp-json\/wp\/v2\/types\/page"}],"author":[{"embeddable":true,"href":"https:\/\/www.museunacional.cat\/mesromanic\/en\/wp-json\/wp\/v2\/users\/2"}],"replies":[{"embeddable":true,"href":"https:\/\/www.museunacional.cat\/mesromanic\/en\/wp-json\/wp\/v2\/comments?post=587"}],"version-history":[{"count":1,"href":"https:\/\/www.museunacional.cat\/mesromanic\/en\/wp-json\/wp\/v2\/pages\/587\/revisions"}],"predecessor-version":[{"id":588,"href":"https:\/\/www.museunacional.cat\/mesromanic\/en\/wp-json\/wp\/v2\/pages\/587\/revisions\/588"}],"wp:attachment":[{"href":"https:\/\/www.museunacional.cat\/mesromanic\/en\/wp-json\/wp\/v2\/media?parent=587"}],"curies":[{"name":"wp","href":"https:\/\/api.w.org\/{rel}","templated":true}]}}