{"id":557,"date":"2023-05-23T16:40:03","date_gmt":"2023-05-23T14:40:03","guid":{"rendered":"https:\/\/www.museunacional.cat\/mesromanic\/international-congress\/"},"modified":"2023-07-17T13:56:29","modified_gmt":"2023-07-17T11:56:29","slug":"international-congress","status":"publish","type":"page","link":"https:\/\/www.museunacional.cat\/mesromanic\/en\/international-congress\/","title":{"rendered":"International Congress"},"content":{"rendered":"\n<div style=\"height:50px\" aria-hidden=\"true\" class=\"wp-block-spacer\"><\/div>\n\n\n\n<figure class=\"wp-block-image size-large\"><img loading=\"lazy\" decoding=\"async\" width=\"1024\" height=\"449\" src=\"https:\/\/www.museunacional.cat\/mesromanic\/wp-content\/uploads\/2023\/06\/HeaderWEBeng-1024x449.jpg\" alt=\"\" class=\"wp-image-523\" srcset=\"https:\/\/www.museunacional.cat\/mesromanic\/wp-content\/uploads\/2023\/06\/HeaderWEBeng-1024x449.jpg 1024w, https:\/\/www.museunacional.cat\/mesromanic\/wp-content\/uploads\/2023\/06\/HeaderWEBeng-300x132.jpg 300w, https:\/\/www.museunacional.cat\/mesromanic\/wp-content\/uploads\/2023\/06\/HeaderWEBeng-768x337.jpg 768w, https:\/\/www.museunacional.cat\/mesromanic\/wp-content\/uploads\/2023\/06\/HeaderWEBeng.jpg 1140w\" sizes=\"auto, (max-width: 1024px) 100vw, 1024px\" \/><\/figure>\n\n\n\n<p>The Museu Nacional is hosting the second edition of the<strong> Incontri Mediterranei <\/strong>(Mediterranean Encounters), whose first edition was held in Rome in 2019. It is an ambitious international congress on medieval art that was born from the close collaboration between the Museu Nacional d&#8217;Art de Catalunya, the Sapienza Universit\u00e0 di Roma and the Universitat Aut\u00f2noma de Barcelona, \u200b\u200bwith the aim of promoting the study and characterization of the artistic phenomena of the medieval Mediterranean, the circulation of repertoires and artists, as well as the rich exchange processes that distinguish them. In this meeting, the problem of how the thematic distribution and the perception of space worked in a painted church will be discussed, from its origins in the 13th century, and what strategies have been developed by museums and original places to help the viewer to reconstruct this experience. Speakers from museum and heritage institutions (Museu Nacional d&#8217;Art de Catalunya, Byzantine Museum Nicosia, Monuments historiques) universities ( Cleveland, Athens, Aix-en-Provence, Rome, Milano, Florence, Bologna, Urbino, Verona, Catania, Universidad Complutense de Madrid and Universitat Aut\u00f2noma de Barcelona) will participate.<\/p>\n\n\n\n<p><strong>The objective of this conference will be to analyze how the distribution of images was in a painted church and the original perception of space in these ensembles from its origins to the 13th century.<\/strong> We want to focus on the theme of the removal of medieval wall paintings (or parietal mosaics) and the strategies that have been carried out in museums and original places to help the viewer to recreate the original experience of these sets. The congress will address the cycles of medieval mural painting and parietal mosaic throughout the Mediterranean from the 4th to the 13th centuries (Holy Land, Egypt, Cyprus, Greece, Italy, France and the Iberian Peninsula). <\/p>\n\n\n\n<p><strong> Scientific committee: Jordi Camps (National Art Museum of Catalonia), Anna Maria D&#8217;Achille (Sapienza Universit\u00e0 di Roma), Antonio Iacobini (Sapienza Universit\u00e0 de Roma), Marina Righetti (Sapienza Universit\u00e0 di Roma) and Manuel Casti\u00f1eiras (Autonomous University of Barcelona)<\/strong><\/p>\n\n\n\n<p><strong>Place and Dates: National Art Museum of Catalonia, from September 13-15, 2023.<\/strong><\/p>\n\n\n\n<p><\/p>\n\n\n\n<p><strong>Registration open<\/strong>: <a rel=\"noreferrer noopener\" href=\"https:\/\/www.congresromanicbarcelona.cat\/inici?lang=en\" data-type=\"URL\" data-id=\"https:\/\/www.congresromanicbarcelona.cat\/inici?lang=en\" target=\"_blank\">conference website<\/a> | <a rel=\"noreferrer noopener\" href=\"mailto:congres.romanic@museunacional.cat\" target=\"_blank\">congres.romanic@museunacional.cat<\/a> <\/p>\n\n\n\n<p>Simultaneous translation into Catalan, Spanish, English and Italian<\/p>\n\n\n\n<div style=\"height:100px\" aria-hidden=\"true\" class=\"wp-block-spacer\"><\/div>\n\n\n\n<figure class=\"wp-block-image size-full\"><img loading=\"lazy\" decoding=\"async\" width=\"1024\" height=\"147\" src=\"https:\/\/www.museunacional.cat\/mesromanic\/wp-content\/uploads\/2023\/06\/logos_congres.png\" alt=\"\" class=\"wp-image-600\" srcset=\"https:\/\/www.museunacional.cat\/mesromanic\/wp-content\/uploads\/2023\/06\/logos_congres.png 1024w, https:\/\/www.museunacional.cat\/mesromanic\/wp-content\/uploads\/2023\/06\/logos_congres-300x43.png 300w, https:\/\/www.museunacional.cat\/mesromanic\/wp-content\/uploads\/2023\/06\/logos_congres-768x110.png 768w\" sizes=\"auto, (max-width: 1024px) 100vw, 1024px\" \/><\/figure>\n\n\n\n<p class=\"has-text-align-center\">Collaborate<\/p>\n\n\n<div class=\"wp-block-image\">\n<figure class=\"aligncenter size-full is-resized\"><img loading=\"lazy\" decoding=\"async\" src=\"https:\/\/www.museunacional.cat\/mesromanic\/wp-content\/uploads\/2023\/06\/CRVB-1.jpg\" alt=\"CRVB\" class=\"wp-image-608\" width=\"250\" height=\"106\" srcset=\"https:\/\/www.museunacional.cat\/mesromanic\/wp-content\/uploads\/2023\/06\/CRVB-1.jpg 500w, https:\/\/www.museunacional.cat\/mesromanic\/wp-content\/uploads\/2023\/06\/CRVB-1-300x127.jpg 300w\" sizes=\"auto, (max-width: 250px) 100vw, 250px\" \/><\/figure>\n<\/div>\n\n\n<div style=\"height:100px\" aria-hidden=\"true\" class=\"wp-block-spacer\"><\/div>\n","protected":false},"excerpt":{"rendered":"<p>The Museu Nacional is hosting the second edition of the Incontri Mediterranei (Mediterranean Encounters), whose first edition was held in Rome in 2019. It is an ambitious international congress on medieval art that was born from the close collaboration between the Museu Nacional d&#8217;Art de Catalunya, the Sapienza Universit\u00e0 di Roma and the Universitat Aut\u00f2noma [&hellip;]<\/p>\n","protected":false},"author":2,"featured_media":0,"parent":0,"menu_order":0,"comment_status":"closed","ping_status":"closed","template":"","meta":{"footnotes":""},"class_list":["post-557","page","type-page","status-publish","hentry"],"blog_post_layout_featured_media_urls":{"thumbnail":"","full":""},"categories_names":null,"comments_number":"0","_links":{"self":[{"href":"https:\/\/www.museunacional.cat\/mesromanic\/en\/wp-json\/wp\/v2\/pages\/557","targetHints":{"allow":["GET"]}}],"collection":[{"href":"https:\/\/www.museunacional.cat\/mesromanic\/en\/wp-json\/wp\/v2\/pages"}],"about":[{"href":"https:\/\/www.museunacional.cat\/mesromanic\/en\/wp-json\/wp\/v2\/types\/page"}],"author":[{"embeddable":true,"href":"https:\/\/www.museunacional.cat\/mesromanic\/en\/wp-json\/wp\/v2\/users\/2"}],"replies":[{"embeddable":true,"href":"https:\/\/www.museunacional.cat\/mesromanic\/en\/wp-json\/wp\/v2\/comments?post=557"}],"version-history":[{"count":6,"href":"https:\/\/www.museunacional.cat\/mesromanic\/en\/wp-json\/wp\/v2\/pages\/557\/revisions"}],"predecessor-version":[{"id":628,"href":"https:\/\/www.museunacional.cat\/mesromanic\/en\/wp-json\/wp\/v2\/pages\/557\/revisions\/628"}],"wp:attachment":[{"href":"https:\/\/www.museunacional.cat\/mesromanic\/en\/wp-json\/wp\/v2\/media?parent=557"}],"curies":[{"name":"wp","href":"https:\/\/api.w.org\/{rel}","templated":true}]}}