{"id":5817,"date":"2021-07-01T08:24:29","date_gmt":"2021-07-01T08:24:29","guid":{"rendered":"https:\/\/www.museunacional.cat\/exposicions-en-linia\/destruccion-y-salvaguarda-del-patrimonio\/"},"modified":"2021-11-02T12:27:33","modified_gmt":"2021-11-02T12:27:33","slug":"destruccion-y-salvaguarda-del-patrimonio","status":"publish","type":"page","link":"https:\/\/www.museunacional.cat\/exposicions-en-linia\/es\/destruccion-y-salvaguarda-del-patrimonio\/","title":{"rendered":"Destrucci\u00f3n y salvaguarda del patrimonio"},"content":{"rendered":"\t\t<div data-elementor-type=\"wp-page\" data-elementor-id=\"5817\" class=\"elementor elementor-5817 elementor-5466\" data-elementor-post-type=\"page\">\n\t\t\t\t\t\t\t\t\t<section class=\"elementor-section elementor-top-section elementor-element elementor-element-14998f1d elementor-section-full_width elementor-section-content-top elementor-section-height-default elementor-section-height-default\" data-id=\"14998f1d\" data-element_type=\"section\" data-settings=\"{&quot;background_background&quot;:&quot;classic&quot;,&quot;sticky&quot;:&quot;top&quot;,&quot;sticky_offset&quot;:70,&quot;sticky_on&quot;:[&quot;desktop&quot;,&quot;tablet&quot;,&quot;mobile&quot;],&quot;sticky_effects_offset&quot;:0}\">\n\t\t\t\t\t\t<div class=\"elementor-container elementor-column-gap-default\">\n\t\t\t\t\t<div class=\"elementor-column elementor-col-100 elementor-top-column elementor-element elementor-element-4f9f2b49\" data-id=\"4f9f2b49\" data-element_type=\"column\">\n\t\t\t<div class=\"elementor-widget-wrap elementor-element-populated\">\n\t\t\t\t\t\t\t\t<div class=\"elementor-element elementor-element-61e68e43 elementor-widget-divider--view-line elementor-widget elementor-widget-divider\" data-id=\"61e68e43\" data-element_type=\"widget\" data-widget_type=\"divider.default\">\n\t\t\t\t<div class=\"elementor-widget-container\">\n\t\t\t\t\t<div class=\"elementor-divider\">\n\t\t\t<span class=\"elementor-divider-separator\">\n\t\t\t\t\t\t<\/span>\n\t\t<\/div>\n\t\t\t\t<\/div>\n\t\t\t\t<\/div>\n\t\t\t\t<section class=\"elementor-section elementor-inner-section elementor-element elementor-element-7826d82 elementor-section-full_width elementor-section-height-default elementor-section-height-default\" data-id=\"7826d82\" data-element_type=\"section\">\n\t\t\t\t\t\t<div class=\"elementor-container elementor-column-gap-default\">\n\t\t\t\t\t<div class=\"elementor-column elementor-col-50 elementor-inner-column elementor-element elementor-element-4d8b2311\" data-id=\"4d8b2311\" data-element_type=\"column\">\n\t\t\t<div class=\"elementor-widget-wrap elementor-element-populated\">\n\t\t\t\t\t\t\t\t<div class=\"elementor-element elementor-element-34171297 elementor-widget elementor-widget-heading\" data-id=\"34171297\" data-element_type=\"widget\" data-widget_type=\"heading.default\">\n\t\t\t\t<div class=\"elementor-widget-container\">\n\t\t\t<h2 class=\"elementor-heading-title elementor-size-default\">ARTE, CONFLICTO, MEMORIA<\/h2>\t\t<\/div>\n\t\t\t\t<\/div>\n\t\t\t\t\t<\/div>\n\t\t<\/div>\n\t\t\t\t<div class=\"elementor-column elementor-col-50 elementor-inner-column elementor-element elementor-element-26dc7d9\" data-id=\"26dc7d9\" data-element_type=\"column\">\n\t\t\t<div class=\"elementor-widget-wrap elementor-element-populated\">\n\t\t\t\t\t\t\t\t<div class=\"elementor-element elementor-element-68152e08 elementor-widget elementor-widget-heading\" data-id=\"68152e08\" data-element_type=\"widget\" data-widget_type=\"heading.default\">\n\t\t\t\t<div class=\"elementor-widget-container\">\n\t\t\t<h2 class=\"elementor-heading-title elementor-size-default\">Destrucci\u00f3n y salvaguarda del patrimonio<\/h2>\t\t<\/div>\n\t\t\t\t<\/div>\n\t\t\t\t\t<\/div>\n\t\t<\/div>\n\t\t\t\t\t\t\t<\/div>\n\t\t<\/section>\n\t\t\t\t<div class=\"elementor-element elementor-element-fc50a98 elementor-widget-divider--view-line elementor-widget elementor-widget-divider\" data-id=\"fc50a98\" data-element_type=\"widget\" data-widget_type=\"divider.default\">\n\t\t\t\t<div class=\"elementor-widget-container\">\n\t\t\t\t\t<div class=\"elementor-divider\">\n\t\t\t<span class=\"elementor-divider-separator\">\n\t\t\t\t\t\t<\/span>\n\t\t<\/div>\n\t\t\t\t<\/div>\n\t\t\t\t<\/div>\n\t\t\t\t\t<\/div>\n\t\t<\/div>\n\t\t\t\t\t\t\t<\/div>\n\t\t<\/section>\n\t\t\t\t<section class=\"elementor-section elementor-top-section elementor-element elementor-element-5faaf516 elementor-section-full_width elementor-section-height-default elementor-section-height-default\" data-id=\"5faaf516\" data-element_type=\"section\">\n\t\t\t\t\t\t<div class=\"elementor-container elementor-column-gap-wide\">\n\t\t\t\t\t<div class=\"elementor-column elementor-col-33 elementor-top-column elementor-element elementor-element-5a83e384\" data-id=\"5a83e384\" data-element_type=\"column\">\n\t\t\t<div class=\"elementor-widget-wrap elementor-element-populated\">\n\t\t\t\t\t\t\t\t<div class=\"elementor-element elementor-element-c59eedd elementor-widget-divider--view-line elementor-widget elementor-widget-divider\" data-id=\"c59eedd\" data-element_type=\"widget\" data-widget_type=\"divider.default\">\n\t\t\t\t<div class=\"elementor-widget-container\">\n\t\t\t\t\t<div class=\"elementor-divider\">\n\t\t\t<span class=\"elementor-divider-separator\">\n\t\t\t\t\t\t<\/span>\n\t\t<\/div>\n\t\t\t\t<\/div>\n\t\t\t\t<\/div>\n\t\t\t\t<div class=\"elementor-element elementor-element-326fa90f titol-activitat elementor-widget elementor-widget-text-editor\" data-id=\"326fa90f\" data-element_type=\"widget\" data-widget_type=\"text-editor.default\">\n\t\t\t\t<div class=\"elementor-widget-container\">\n\t\t\t\t\t\t\t<p>CONFERENCIA INAUGURAL \u2014 El Museo y la guerra. Salvaguarda y orden del patrimonio en tiempos convulsos\u00a0<\/p>\n\t\t\t\t\t\t<\/div>\n\t\t\t\t<\/div>\n\t\t\t\t<div class=\"elementor-element elementor-element-73b5b688 descrip-activitat elementor-widget elementor-widget-text-editor\" data-id=\"73b5b688\" data-element_type=\"widget\" data-widget_type=\"text-editor.default\">\n\t\t\t\t<div class=\"elementor-widget-container\">\n\t\t\t\t\t\t\t<p>14 de julio a las 18 h<\/p>\n\t\t\t\t\t\t<\/div>\n\t\t\t\t<\/div>\n\t\t\t\t<div class=\"elementor-element elementor-element-48a66a59 descrip-activitat elementor-widget elementor-widget-text-editor\" data-id=\"48a66a59\" data-element_type=\"widget\" data-widget_type=\"text-editor.default\">\n\t\t\t\t<div class=\"elementor-widget-container\">\n\t\t\t\t\t\t\t<p>Precio: Gratuito sin reserva previa<br \/>Espacio: En l\u00ednea, <a href=\"https:\/\/www.youtube.com\/watch?v=ENWin3thLDg\">Youtube del Museu Nacional<\/a><\/p>\n\t\t\t\t\t\t<\/div>\n\t\t\t\t<\/div>\n\t\t\t\t<div class=\"elementor-element elementor-element-89634ba descrip-activitat elementor-widget elementor-widget-text-editor\" data-id=\"89634ba\" data-element_type=\"widget\" data-widget_type=\"text-editor.default\">\n\t\t\t\t<div class=\"elementor-widget-container\">\n\t\t\t\t\t\t\t<p>A cargo de: Mireia Capdevila Candell y Francesc Vilanova Vila-Abadal, comisarios de la exposici\u00f3n.<\/p>\n\t\t\t\t\t\t<\/div>\n\t\t\t\t<\/div>\n\t\t\t\t<div class=\"elementor-element elementor-element-5250ad37 elementor-align-left elementor-widget elementor-widget-button\" data-id=\"5250ad37\" data-element_type=\"widget\" data-widget_type=\"button.default\">\n\t\t\t\t<div class=\"elementor-widget-container\">\n\t\t\t\t\t<div class=\"elementor-button-wrapper\">\n\t\t\t<a class=\"elementor-button elementor-button-link elementor-size-sm\" href=\"https:\/\/www.museunacional.cat\/es\/actividades\/conferencia-inaugural-de-museo-en-peligro-salvaguarda-del-patrimonio-artistico-catalan-1936-1939%20\">\n\t\t\t\t\t\t<span class=\"elementor-button-content-wrapper\">\n\t\t\t\t\t\t<span class=\"elementor-button-text\">M\u00c1S INFO<\/span>\n\t\t<\/span>\n\t\t\t\t\t<\/a>\n\t\t<\/div>\n\t\t\t\t<\/div>\n\t\t\t\t<\/div>\n\t\t\t\t<div class=\"elementor-element elementor-element-5f614edc elementor-widget-divider--view-line elementor-widget elementor-widget-divider\" data-id=\"5f614edc\" data-element_type=\"widget\" data-widget_type=\"divider.default\">\n\t\t\t\t<div class=\"elementor-widget-container\">\n\t\t\t\t\t<div class=\"elementor-divider\">\n\t\t\t<span class=\"elementor-divider-separator\">\n\t\t\t\t\t\t<\/span>\n\t\t<\/div>\n\t\t\t\t<\/div>\n\t\t\t\t<\/div>\n\t\t\t\t\t<\/div>\n\t\t<\/div>\n\t\t\t\t<div class=\"elementor-column elementor-col-33 elementor-top-column elementor-element elementor-element-201faf8f\" data-id=\"201faf8f\" data-element_type=\"column\">\n\t\t\t<div class=\"elementor-widget-wrap elementor-element-populated\">\n\t\t\t\t\t\t\t\t<div class=\"elementor-element elementor-element-7d29aff8 elementor-widget-divider--view-line elementor-widget elementor-widget-divider\" data-id=\"7d29aff8\" data-element_type=\"widget\" data-widget_type=\"divider.default\">\n\t\t\t\t<div class=\"elementor-widget-container\">\n\t\t\t\t\t<div class=\"elementor-divider\">\n\t\t\t<span class=\"elementor-divider-separator\">\n\t\t\t\t\t\t<\/span>\n\t\t<\/div>\n\t\t\t\t<\/div>\n\t\t\t\t<\/div>\n\t\t\t\t<div class=\"elementor-element elementor-element-443cf9d9 titol-activitat elementor-widget elementor-widget-text-editor\" data-id=\"443cf9d9\" data-element_type=\"widget\" data-widget_type=\"text-editor.default\">\n\t\t\t\t<div class=\"elementor-widget-container\">\n\t\t\t\t\t\t\t<p>JORNADA ACAD\u00c9MICA \u2014 \u00a1Museo en peligro!  <\/p>\n\t\t\t\t\t\t<\/div>\n\t\t\t\t<\/div>\n\t\t\t\t<div class=\"elementor-element elementor-element-6cb4238d descrip-activitat elementor-widget elementor-widget-text-editor\" data-id=\"6cb4238d\" data-element_type=\"widget\" data-widget_type=\"text-editor.default\">\n\t\t\t\t<div class=\"elementor-widget-container\">\n\t\t\t\t\t\t\t<p>Jueves 14 de octubre, de 10 a 20 h<\/p>\t\t\t\t\t\t<\/div>\n\t\t\t\t<\/div>\n\t\t\t\t<div class=\"elementor-element elementor-element-487afa6 descrip-activitat elementor-widget elementor-widget-text-editor\" data-id=\"487afa6\" data-element_type=\"widget\" data-widget_type=\"text-editor.default\">\n\t\t\t\t<div class=\"elementor-widget-container\">\n\t\t\t\t\t\t\t<p>Precio: Gratuito con inscripci\u00f3n previa<br \/>Espacio: En l\u00ednea<\/p>\t\t\t\t\t\t<\/div>\n\t\t\t\t<\/div>\n\t\t\t\t<div class=\"elementor-element elementor-element-74bfaa6a descrip-activitat elementor-widget elementor-widget-text-editor\" data-id=\"74bfaa6a\" data-element_type=\"widget\" data-widget_type=\"text-editor.default\">\n\t\t\t\t<div class=\"elementor-widget-container\">\n\t\t\t\t\t\t\t<p>Con la participaci\u00f3n de Arturo Colorado (UCM), Francisco Gracia y Gl\u00f2ria Munilla (UB), Joaquim Nadal (ICRPC) y Rebeca Saavedra (UC).<br \/>Coordinaci\u00f3n cient\u00edfica: Joaquim Nadal, Institut Catal\u00e0 de Recerca en Patrimoni Cultural.<\/p>\n\t\t\t\t\t\t<\/div>\n\t\t\t\t<\/div>\n\t\t\t\t<div class=\"elementor-element elementor-element-5a09ea4 elementor-align-left elementor-widget elementor-widget-button\" data-id=\"5a09ea4\" data-element_type=\"widget\" data-widget_type=\"button.default\">\n\t\t\t\t<div class=\"elementor-widget-container\">\n\t\t\t\t\t<div class=\"elementor-button-wrapper\">\n\t\t\t<a class=\"elementor-button elementor-button-link elementor-size-sm\" href=\"https:\/\/www.museunacional.cat\/es\/actividades\/el-arte-en-peligro-patrimonio-y-salvaguarda-durante-la-guerra-civil-espanola\">\n\t\t\t\t\t\t<span class=\"elementor-button-content-wrapper\">\n\t\t\t\t\t\t<span class=\"elementor-button-text\">M\u00c1S INFO<\/span>\n\t\t<\/span>\n\t\t\t\t\t<\/a>\n\t\t<\/div>\n\t\t\t\t<\/div>\n\t\t\t\t<\/div>\n\t\t\t\t<div class=\"elementor-element elementor-element-468a756 elementor-widget-divider--view-line elementor-widget elementor-widget-divider\" data-id=\"468a756\" data-element_type=\"widget\" data-widget_type=\"divider.default\">\n\t\t\t\t<div class=\"elementor-widget-container\">\n\t\t\t\t\t<div class=\"elementor-divider\">\n\t\t\t<span class=\"elementor-divider-separator\">\n\t\t\t\t\t\t<\/span>\n\t\t<\/div>\n\t\t\t\t<\/div>\n\t\t\t\t<\/div>\n\t\t\t\t\t<\/div>\n\t\t<\/div>\n\t\t\t\t<div class=\"elementor-column elementor-col-33 elementor-top-column elementor-element elementor-element-6b8f3b5c\" data-id=\"6b8f3b5c\" data-element_type=\"column\">\n\t\t\t<div class=\"elementor-widget-wrap\">\n\t\t\t\t\t\t\t\t\t<\/div>\n\t\t<\/div>\n\t\t\t\t\t\t\t<\/div>\n\t\t<\/section>\n\t\t\t\t\t\t\t<\/div>\n\t\t","protected":false},"excerpt":{"rendered":"<p>ARTE, CONFLICTO, MEMORIA Destrucci\u00f3n y salvaguarda del patrimonio CONFERENCIA INAUGURAL \u2014 El Museo y la guerra. Salvaguarda y orden del patrimonio en tiempos convulsos\u00a0 14 de julio a las 18 h Precio: Gratuito sin reserva previaEspacio: En l\u00ednea, Youtube del Museu Nacional A cargo de: Mireia Capdevila Candell y Francesc Vilanova Vila-Abadal, comisarios de la &#8230; <a title=\"Destrucci\u00f3n y salvaguarda del patrimonio\" class=\"read-more\" href=\"https:\/\/www.museunacional.cat\/exposicions-en-linia\/es\/destruccion-y-salvaguarda-del-patrimonio\/\" aria-label=\"M\u00e1s en Destrucci\u00f3n y salvaguarda del patrimonio\">Leer m\u00e1s<\/a><\/p>\n","protected":false},"author":3,"featured_media":0,"parent":0,"menu_order":0,"comment_status":"closed","ping_status":"closed","template":"elementor_header_footer","meta":{"footnotes":""},"class_list":["post-5817","page","type-page","status-publish"],"_links":{"self":[{"href":"https:\/\/www.museunacional.cat\/exposicions-en-linia\/es\/wp-json\/wp\/v2\/pages\/5817","targetHints":{"allow":["GET"]}}],"collection":[{"href":"https:\/\/www.museunacional.cat\/exposicions-en-linia\/es\/wp-json\/wp\/v2\/pages"}],"about":[{"href":"https:\/\/www.museunacional.cat\/exposicions-en-linia\/es\/wp-json\/wp\/v2\/types\/page"}],"author":[{"embeddable":true,"href":"https:\/\/www.museunacional.cat\/exposicions-en-linia\/es\/wp-json\/wp\/v2\/users\/3"}],"replies":[{"embeddable":true,"href":"https:\/\/www.museunacional.cat\/exposicions-en-linia\/es\/wp-json\/wp\/v2\/comments?post=5817"}],"version-history":[{"count":25,"href":"https:\/\/www.museunacional.cat\/exposicions-en-linia\/es\/wp-json\/wp\/v2\/pages\/5817\/revisions"}],"predecessor-version":[{"id":7428,"href":"https:\/\/www.museunacional.cat\/exposicions-en-linia\/es\/wp-json\/wp\/v2\/pages\/5817\/revisions\/7428"}],"wp:attachment":[{"href":"https:\/\/www.museunacional.cat\/exposicions-en-linia\/es\/wp-json\/wp\/v2\/media?parent=5817"}],"curies":[{"name":"wp","href":"https:\/\/api.w.org\/{rel}","templated":true}]}}