{"id":5804,"date":"2021-06-30T13:23:17","date_gmt":"2021-06-30T13:23:17","guid":{"rendered":"https:\/\/www.museunacional.cat\/exposicions-en-linia\/nuevas-salas\/"},"modified":"2021-09-10T10:08:09","modified_gmt":"2021-09-10T10:08:09","slug":"nuevas-salas","status":"publish","type":"page","link":"https:\/\/www.museunacional.cat\/exposicions-en-linia\/es\/nuevas-salas\/","title":{"rendered":"Nuevas salas"},"content":{"rendered":"\t\t<div data-elementor-type=\"wp-page\" data-elementor-id=\"5804\" class=\"elementor elementor-5804 elementor-5622\" data-elementor-post-type=\"page\">\n\t\t\t\t\t\t\t\t\t<section class=\"elementor-section elementor-top-section elementor-element elementor-element-44d25b7d elementor-section-full_width elementor-section-content-top elementor-section-height-default elementor-section-height-default\" data-id=\"44d25b7d\" data-element_type=\"section\" data-settings=\"{&quot;background_background&quot;:&quot;classic&quot;,&quot;sticky&quot;:&quot;top&quot;,&quot;sticky_offset&quot;:70,&quot;sticky_on&quot;:[&quot;desktop&quot;,&quot;tablet&quot;,&quot;mobile&quot;],&quot;sticky_effects_offset&quot;:0}\">\n\t\t\t\t\t\t<div class=\"elementor-container elementor-column-gap-default\">\n\t\t\t\t\t<div class=\"elementor-column elementor-col-100 elementor-top-column elementor-element elementor-element-3f1c0e17\" data-id=\"3f1c0e17\" data-element_type=\"column\">\n\t\t\t<div class=\"elementor-widget-wrap elementor-element-populated\">\n\t\t\t\t\t\t\t\t<div class=\"elementor-element elementor-element-33ca7a14 elementor-widget-divider--view-line elementor-widget elementor-widget-divider\" data-id=\"33ca7a14\" data-element_type=\"widget\" data-widget_type=\"divider.default\">\n\t\t\t\t<div class=\"elementor-widget-container\">\n\t\t\t\t\t<div class=\"elementor-divider\">\n\t\t\t<span class=\"elementor-divider-separator\">\n\t\t\t\t\t\t<\/span>\n\t\t<\/div>\n\t\t\t\t<\/div>\n\t\t\t\t<\/div>\n\t\t\t\t<section class=\"elementor-section elementor-inner-section elementor-element elementor-element-5215eb9d elementor-section-full_width elementor-section-height-default elementor-section-height-default\" data-id=\"5215eb9d\" data-element_type=\"section\">\n\t\t\t\t\t\t<div class=\"elementor-container elementor-column-gap-default\">\n\t\t\t\t\t<div class=\"elementor-column elementor-col-33 elementor-inner-column elementor-element elementor-element-6e37b9e4\" data-id=\"6e37b9e4\" data-element_type=\"column\">\n\t\t\t<div class=\"elementor-widget-wrap elementor-element-populated\">\n\t\t\t\t\t\t\t\t<div class=\"elementor-element elementor-element-36ffdbd1 elementor-widget elementor-widget-heading\" data-id=\"36ffdbd1\" data-element_type=\"widget\" data-widget_type=\"heading.default\">\n\t\t\t\t<div class=\"elementor-widget-container\">\n\t\t\t<h2 class=\"elementor-heading-title elementor-size-default\">ARTE, CONFLICTO, MEMORIA<\/h2>\t\t<\/div>\n\t\t\t\t<\/div>\n\t\t\t\t\t<\/div>\n\t\t<\/div>\n\t\t\t\t<div class=\"elementor-column elementor-col-33 elementor-inner-column elementor-element elementor-element-30433e2c\" data-id=\"30433e2c\" data-element_type=\"column\">\n\t\t\t<div class=\"elementor-widget-wrap elementor-element-populated\">\n\t\t\t\t\t\t\t\t<div class=\"elementor-element elementor-element-e84151c elementor-widget elementor-widget-heading\" data-id=\"e84151c\" data-element_type=\"widget\" data-widget_type=\"heading.default\">\n\t\t\t\t<div class=\"elementor-widget-container\">\n\t\t\t<h2 class=\"elementor-heading-title elementor-size-default\"> NUEVAS SALAS<\/h2>\t\t<\/div>\n\t\t\t\t<\/div>\n\t\t\t\t\t<\/div>\n\t\t<\/div>\n\t\t\t\t<div class=\"elementor-column elementor-col-33 elementor-inner-column elementor-element elementor-element-636faeed\" data-id=\"636faeed\" data-element_type=\"column\">\n\t\t\t<div class=\"elementor-widget-wrap elementor-element-populated\">\n\t\t\t\t\t\t\t\t<div class=\"elementor-element elementor-element-4d4cc104 elementor-hidden-desktop elementor-hidden-tablet elementor-hidden-phone elementor-widget elementor-widget-elementskit-button\" data-id=\"4d4cc104\" data-element_type=\"widget\" data-widget_type=\"elementskit-button.default\">\n\t\t\t\t<div class=\"elementor-widget-container\">\n\t\t\t<div class=\"ekit-wid-con\" >\t\t<div class=\"ekit-btn-wraper\">\n\t\t\t\t\t\t\t<a href=\"#\" class=\"elementskit-btn  whitespace--normal\" >\n\t\t\t\t\t\n\t\t\t\t\t<svg xmlns=\"http:\/\/www.w3.org\/2000\/svg\" width=\"37.111\" height=\"38.908\" viewBox=\"0 0 37.111 38.908\"><g id=\"Grupo_85\" data-name=\"Grupo 85\" transform=\"translate(-7.242)\"><path id=\"Trazado_27\" data-name=\"Trazado 27\" d=\"M6.159,31.261l3.292,3.451a4.5,4.5,0,0,1,6.584,0,5.05,5.05,0,0,1,0,6.9l3.292,3.452,15.862-16.63-2.394-2.51,1.2-1.255,2.394,2.51,6.884-7.217-3.292-3.451a4.5,4.5,0,0,1-6.584,0,5.05,5.05,0,0,1,0-6.9L30.1,6.159l-6.883,7.217,2.394,2.51-1.2,1.255-2.394-2.51L6.159,31.261ZM25.612,18.4l1.2-1.255,2.394,2.51-1.2,1.255ZM29.2,22.162l1.2-1.255,2.394,2.51-1.2,1.255Z\" transform=\"translate(1.083 -6.159)\" fill=\"#fff\"><\/path><\/g><\/svg>\n\t\t\t\t\tCOMPRAR ENTRADA\t\t\t\t<\/a>\n\t\t\t\t\t\t<\/div>\n        <\/div>\t\t<\/div>\n\t\t\t\t<\/div>\n\t\t\t\t\t<\/div>\n\t\t<\/div>\n\t\t\t\t\t\t\t<\/div>\n\t\t<\/section>\n\t\t\t\t<div class=\"elementor-element elementor-element-5d74523e elementor-widget-divider--view-line elementor-widget elementor-widget-divider\" data-id=\"5d74523e\" data-element_type=\"widget\" data-widget_type=\"divider.default\">\n\t\t\t\t<div class=\"elementor-widget-container\">\n\t\t\t\t\t<div class=\"elementor-divider\">\n\t\t\t<span class=\"elementor-divider-separator\">\n\t\t\t\t\t\t<\/span>\n\t\t<\/div>\n\t\t\t\t<\/div>\n\t\t\t\t<\/div>\n\t\t\t\t\t<\/div>\n\t\t<\/div>\n\t\t\t\t\t\t\t<\/div>\n\t\t<\/section>\n\t\t\t\t<section class=\"elementor-section elementor-top-section elementor-element elementor-element-4ec8f20a elementor-section-full_width elementor-section-height-default elementor-section-height-default\" data-id=\"4ec8f20a\" data-element_type=\"section\">\n\t\t\t\t\t\t<div class=\"elementor-container elementor-column-gap-default\">\n\t\t\t\t\t<div class=\"elementor-column elementor-col-33 elementor-top-column elementor-element elementor-element-70f1f218\" data-id=\"70f1f218\" data-element_type=\"column\">\n\t\t\t<div class=\"elementor-widget-wrap elementor-element-populated\">\n\t\t\t\t\t\t\t\t<div class=\"elementor-element elementor-element-5a2a2f83 elementor-widget elementor-widget-image\" data-id=\"5a2a2f83\" data-element_type=\"widget\" data-widget_type=\"image.default\">\n\t\t\t\t<div class=\"elementor-widget-container\">\n\t\t\t\t\t\t\t\t\t\t\t\t\t\t\t<img fetchpriority=\"high\" decoding=\"async\" width=\"893\" height=\"579\" src=\"https:\/\/www.museunacional.cat\/exposicions-en-linia\/wp-content\/uploads\/nuevas-salas.jpg\" class=\"attachment-full size-full wp-image-5786\" alt=\"\" srcset=\"https:\/\/www.museunacional.cat\/exposicions-en-linia\/wp-content\/uploads\/nuevas-salas.jpg 893w, https:\/\/www.museunacional.cat\/exposicions-en-linia\/wp-content\/uploads\/nuevas-salas-300x195.jpg 300w, https:\/\/www.museunacional.cat\/exposicions-en-linia\/wp-content\/uploads\/nuevas-salas-768x498.jpg 768w\" sizes=\"(max-width: 893px) 100vw, 893px\" \/>\t\t\t\t\t\t\t\t\t\t\t\t\t\t\t<\/div>\n\t\t\t\t<\/div>\n\t\t\t\t\t<\/div>\n\t\t<\/div>\n\t\t\t\t<div class=\"elementor-column elementor-col-33 elementor-top-column elementor-element elementor-element-10919b1a\" data-id=\"10919b1a\" data-element_type=\"column\">\n\t\t\t<div class=\"elementor-widget-wrap elementor-element-populated\">\n\t\t\t\t\t\t\t\t<div class=\"elementor-element elementor-element-5980f19a titol-fitxa elementor-widget elementor-widget-text-editor\" data-id=\"5980f19a\" data-element_type=\"widget\" data-widget_type=\"text-editor.default\">\n\t\t\t\t<div class=\"elementor-widget-container\">\n\t\t\t\t\t\t\t<p>Nuevas salas guerra civil<\/p>\n\t\t\t\t\t\t<\/div>\n\t\t\t\t<\/div>\n\t\t\t\t<div class=\"elementor-element elementor-element-2e28c089 elementor-widget elementor-widget-text-editor\" data-id=\"2e28c089\" data-element_type=\"widget\" data-widget_type=\"text-editor.default\">\n\t\t\t\t<div class=\"elementor-widget-container\">\n\t\t\t\t\t\t\t<p>El Museu Nacional renueva su discurso expositivo ampliando las salas dedicadas al arte del periodo de la Guerra Civil. La pintura, la escultura y el grabado, junto a los nuevos mass media, como los carteles, la fotograf\u00eda y el cine, se pusieron al servicio de uno y otro bando. Esta movilizaci\u00f3n total comport\u00f3\u2000 la culminaci\u00f3n de muchas de las aspiraciones del arte moderno y de la vanguardia, con una transformaci\u00f3n del artista como productor de un arte para las masas.<\/p>\t\t\t\t\t\t<\/div>\n\t\t\t\t<\/div>\n\t\t\t\t<div class=\"elementor-element elementor-element-7857bccc elementor-align-left elementor-hidden-desktop elementor-hidden-tablet elementor-hidden-phone elementor-widget elementor-widget-button\" data-id=\"7857bccc\" data-element_type=\"widget\" data-widget_type=\"button.default\">\n\t\t\t\t<div class=\"elementor-widget-container\">\n\t\t\t\t\t<div class=\"elementor-button-wrapper\">\n\t\t\t<a class=\"elementor-button elementor-button-link elementor-size-sm\" href=\"https:\/\/www.museunacional.cat\/es\/nuevas-salas-de-arte-y-guerra-civil\">\n\t\t\t\t\t\t<span class=\"elementor-button-content-wrapper\">\n\t\t\t\t\t\t<span class=\"elementor-button-text\">M\u00c1S INFO<\/span>\n\t\t<\/span>\n\t\t\t\t\t<\/a>\n\t\t<\/div>\n\t\t\t\t<\/div>\n\t\t\t\t<\/div>\n\t\t\t\t\t<\/div>\n\t\t<\/div>\n\t\t\t\t<div class=\"elementor-column elementor-col-33 elementor-top-column elementor-element elementor-element-8b3b4f0\" data-id=\"8b3b4f0\" data-element_type=\"column\">\n\t\t\t<div class=\"elementor-widget-wrap elementor-element-populated\">\n\t\t\t\t\t\t\t\t<div class=\"elementor-element elementor-element-4430546d elementor-widget elementor-widget-text-editor\" data-id=\"4430546d\" data-element_type=\"widget\" data-widget_type=\"text-editor.default\">\n\t\t\t\t<div class=\"elementor-widget-container\">\n\t\t\t\t\t\t\t<p>A partir del 1 de Julio de 2021 <\/p>\n\t\t\t\t\t\t<\/div>\n\t\t\t\t<\/div>\n\t\t\t\t<div class=\"elementor-element elementor-element-78dd7f13 elementor-widget elementor-widget-text-editor\" data-id=\"78dd7f13\" data-element_type=\"widget\" data-widget_type=\"text-editor.default\">\n\t\t\t\t<div class=\"elementor-widget-container\">\n\t\t\t\t\t\t\t<p>Precio: 12 \u20ac<\/p>\t\t\t\t\t\t<\/div>\n\t\t\t\t<\/div>\n\t\t\t\t\t<\/div>\n\t\t<\/div>\n\t\t\t\t\t\t\t<\/div>\n\t\t<\/section>\n\t\t\t\t<section class=\"elementor-section elementor-top-section elementor-element elementor-element-7fef9327 elementor-section-full_width elementor-section-height-default elementor-section-height-default\" data-id=\"7fef9327\" data-element_type=\"section\">\n\t\t\t\t\t\t<div class=\"elementor-container elementor-column-gap-default\">\n\t\t\t\t\t<div class=\"elementor-column elementor-col-100 elementor-top-column elementor-element elementor-element-dfcc4c1\" data-id=\"dfcc4c1\" data-element_type=\"column\">\n\t\t\t<div class=\"elementor-widget-wrap elementor-element-populated\">\n\t\t\t\t\t\t\t\t<div class=\"elementor-element elementor-element-438d7178 elementor-widget elementor-widget-heading\" data-id=\"438d7178\" data-element_type=\"widget\" data-widget_type=\"heading.default\">\n\t\t\t\t<div class=\"elementor-widget-container\">\n\t\t\t<h2 class=\"elementor-heading-title elementor-size-default\">El Pabell\u00f3n de la Rep\u00fablica Espa\u00f1ola, construido con motivo de la Exposici\u00f3n Internacional de Par\u00eds de 1937, representa claramente la s\u00edntesis de todas las artes bajo el dominio de la propaganda y el compromiso de los artistas espa\u00f1oles con la Rep\u00fablica.<\/h2>\t\t<\/div>\n\t\t\t\t<\/div>\n\t\t\t\t\t<\/div>\n\t\t<\/div>\n\t\t\t\t\t\t\t<\/div>\n\t\t<\/section>\n\t\t\t\t<section class=\"elementor-section elementor-top-section elementor-element elementor-element-4bbfc854 elementor-section-full_width elementor-section-height-default elementor-section-height-default\" data-id=\"4bbfc854\" data-element_type=\"section\">\n\t\t\t\t\t\t<div class=\"elementor-container elementor-column-gap-default\">\n\t\t\t\t\t<div class=\"elementor-column elementor-col-100 elementor-top-column elementor-element elementor-element-3564a5e9\" data-id=\"3564a5e9\" data-element_type=\"column\">\n\t\t\t<div class=\"elementor-widget-wrap elementor-element-populated\">\n\t\t\t\t\t\t\t\t<div class=\"elementor-element elementor-element-28cbc248 elementor-widget elementor-widget-image\" data-id=\"28cbc248\" data-element_type=\"widget\" data-widget_type=\"image.default\">\n\t\t\t\t<div class=\"elementor-widget-container\">\n\t\t\t\t\t\t\t\t\t\t\t\t\t\t\t<img decoding=\"async\" width=\"1200\" height=\"1000\" src=\"https:\/\/www.museunacional.cat\/exposicions-en-linia\/wp-content\/uploads\/fernando-briones.jpg\" class=\"attachment-full size-full wp-image-5633\" alt=\"\" srcset=\"https:\/\/www.museunacional.cat\/exposicions-en-linia\/wp-content\/uploads\/fernando-briones.jpg 1200w, https:\/\/www.museunacional.cat\/exposicions-en-linia\/wp-content\/uploads\/fernando-briones-300x250.jpg 300w, https:\/\/www.museunacional.cat\/exposicions-en-linia\/wp-content\/uploads\/fernando-briones-768x640.jpg 768w\" sizes=\"(max-width: 1200px) 100vw, 1200px\" \/>\t\t\t\t\t\t\t\t\t\t\t\t\t\t\t<\/div>\n\t\t\t\t<\/div>\n\t\t\t\t\t<\/div>\n\t\t<\/div>\n\t\t\t\t\t\t\t<\/div>\n\t\t<\/section>\n\t\t\t\t\t\t\t<\/div>\n\t\t","protected":false},"excerpt":{"rendered":"<p>ARTE, CONFLICTO, MEMORIA NUEVAS SALAS COMPRAR ENTRADA Nuevas salas guerra civil El Museu Nacional renueva su discurso expositivo ampliando las salas dedicadas al arte del periodo de la Guerra Civil. La pintura, la escultura y el grabado, junto a los nuevos mass media, como los carteles, la fotograf\u00eda y el cine, se pusieron al servicio &#8230; <a title=\"Nuevas salas\" class=\"read-more\" href=\"https:\/\/www.museunacional.cat\/exposicions-en-linia\/es\/nuevas-salas\/\" aria-label=\"M\u00e1s en Nuevas salas\">Leer m\u00e1s<\/a><\/p>\n","protected":false},"author":3,"featured_media":0,"parent":0,"menu_order":0,"comment_status":"closed","ping_status":"closed","template":"elementor_header_footer","meta":{"footnotes":""},"class_list":["post-5804","page","type-page","status-publish"],"_links":{"self":[{"href":"https:\/\/www.museunacional.cat\/exposicions-en-linia\/es\/wp-json\/wp\/v2\/pages\/5804","targetHints":{"allow":["GET"]}}],"collection":[{"href":"https:\/\/www.museunacional.cat\/exposicions-en-linia\/es\/wp-json\/wp\/v2\/pages"}],"about":[{"href":"https:\/\/www.museunacional.cat\/exposicions-en-linia\/es\/wp-json\/wp\/v2\/types\/page"}],"author":[{"embeddable":true,"href":"https:\/\/www.museunacional.cat\/exposicions-en-linia\/es\/wp-json\/wp\/v2\/users\/3"}],"replies":[{"embeddable":true,"href":"https:\/\/www.museunacional.cat\/exposicions-en-linia\/es\/wp-json\/wp\/v2\/comments?post=5804"}],"version-history":[{"count":24,"href":"https:\/\/www.museunacional.cat\/exposicions-en-linia\/es\/wp-json\/wp\/v2\/pages\/5804\/revisions"}],"predecessor-version":[{"id":6727,"href":"https:\/\/www.museunacional.cat\/exposicions-en-linia\/es\/wp-json\/wp\/v2\/pages\/5804\/revisions\/6727"}],"wp:attachment":[{"href":"https:\/\/www.museunacional.cat\/exposicions-en-linia\/es\/wp-json\/wp\/v2\/media?parent=5804"}],"curies":[{"name":"wp","href":"https:\/\/api.w.org\/{rel}","templated":true}]}}