{"id":5762,"date":"2021-06-30T12:55:14","date_gmt":"2021-06-30T12:55:14","guid":{"rendered":"https:\/\/www.museunacional.cat\/exposicions-en-linia\/aeronautica-vuelo-interior\/"},"modified":"2021-08-20T07:43:01","modified_gmt":"2021-08-20T07:43:01","slug":"aeronautica-vuelo-interior","status":"publish","type":"page","link":"https:\/\/www.museunacional.cat\/exposicions-en-linia\/es\/aeronautica-vuelo-interior\/","title":{"rendered":"Aeron\u00e1utica (vuelo) Interior"},"content":{"rendered":"\t\t<div data-elementor-type=\"wp-page\" data-elementor-id=\"5762\" class=\"elementor elementor-5762 elementor-5484\" data-elementor-post-type=\"page\">\n\t\t\t\t\t\t\t\t\t<section class=\"elementor-section elementor-top-section elementor-element elementor-element-36de89a8 elementor-section-full_width elementor-section-content-top elementor-section-height-default elementor-section-height-default\" data-id=\"36de89a8\" data-element_type=\"section\" data-settings=\"{&quot;background_background&quot;:&quot;classic&quot;,&quot;sticky&quot;:&quot;top&quot;,&quot;sticky_offset&quot;:70,&quot;sticky_on&quot;:[&quot;desktop&quot;,&quot;tablet&quot;,&quot;mobile&quot;],&quot;sticky_effects_offset&quot;:0}\">\n\t\t\t\t\t\t<div class=\"elementor-container elementor-column-gap-default\">\n\t\t\t\t\t<div class=\"elementor-column elementor-col-100 elementor-top-column elementor-element elementor-element-f995153\" data-id=\"f995153\" data-element_type=\"column\">\n\t\t\t<div class=\"elementor-widget-wrap elementor-element-populated\">\n\t\t\t\t\t\t\t\t<div class=\"elementor-element elementor-element-7481c962 elementor-widget-divider--view-line elementor-widget elementor-widget-divider\" data-id=\"7481c962\" data-element_type=\"widget\" data-widget_type=\"divider.default\">\n\t\t\t\t<div class=\"elementor-widget-container\">\n\t\t\t\t\t<div class=\"elementor-divider\">\n\t\t\t<span class=\"elementor-divider-separator\">\n\t\t\t\t\t\t<\/span>\n\t\t<\/div>\n\t\t\t\t<\/div>\n\t\t\t\t<\/div>\n\t\t\t\t<section class=\"elementor-section elementor-inner-section elementor-element elementor-element-37a6fb10 elementor-section-full_width elementor-section-height-default elementor-section-height-default\" data-id=\"37a6fb10\" data-element_type=\"section\">\n\t\t\t\t\t\t<div class=\"elementor-container elementor-column-gap-default\">\n\t\t\t\t\t<div class=\"elementor-column elementor-col-33 elementor-inner-column elementor-element elementor-element-29f8a357\" data-id=\"29f8a357\" data-element_type=\"column\">\n\t\t\t<div class=\"elementor-widget-wrap elementor-element-populated\">\n\t\t\t\t\t\t\t\t\t<\/div>\n\t\t<\/div>\n\t\t\t\t<div class=\"elementor-column elementor-col-33 elementor-inner-column elementor-element elementor-element-19693973\" data-id=\"19693973\" data-element_type=\"column\">\n\t\t\t<div class=\"elementor-widget-wrap elementor-element-populated\">\n\t\t\t\t\t\t\t\t<div class=\"elementor-element elementor-element-e7eaaaa elementor-widget elementor-widget-heading\" data-id=\"e7eaaaa\" data-element_type=\"widget\" data-widget_type=\"heading.default\">\n\t\t\t\t<div class=\"elementor-widget-container\">\n\t\t\t<h2 class=\"elementor-heading-title elementor-size-default\">Aeron\u00e1utica (vuelo) Interior<\/h2>\t\t<\/div>\n\t\t\t\t<\/div>\n\t\t\t\t\t<\/div>\n\t\t<\/div>\n\t\t\t\t<div class=\"elementor-column elementor-col-33 elementor-inner-column elementor-element elementor-element-5341d223\" data-id=\"5341d223\" data-element_type=\"column\">\n\t\t\t<div class=\"elementor-widget-wrap elementor-element-populated\">\n\t\t\t\t\t\t\t\t<div class=\"elementor-element elementor-element-3bd2def2 elementor-widget elementor-widget-elementskit-button\" data-id=\"3bd2def2\" data-element_type=\"widget\" data-widget_type=\"elementskit-button.default\">\n\t\t\t\t<div class=\"elementor-widget-container\">\n\t\t\t<div class=\"ekit-wid-con\" >\t\t<div class=\"ekit-btn-wraper\">\n\t\t\t\t\t\t\t<a href=\"https:\/\/tickets.museunacional.cat\/muslinkIII\/venda\/index.jsp?lang=1&#038;nom_cache=MUSEU&#038;property=MUSEU&#038;codiActiv=510&#038;_ga=2.51248175.721419303.1624444315-540838863.1623843750\" class=\"elementskit-btn  whitespace--normal\" >\n\t\t\t\t\t\n\t\t\t\t\t<svg xmlns=\"http:\/\/www.w3.org\/2000\/svg\" width=\"37.111\" height=\"38.908\" viewBox=\"0 0 37.111 38.908\"><g id=\"Grupo_85\" data-name=\"Grupo 85\" transform=\"translate(-7.242)\"><path id=\"Trazado_27\" data-name=\"Trazado 27\" d=\"M6.159,31.261l3.292,3.451a4.5,4.5,0,0,1,6.584,0,5.05,5.05,0,0,1,0,6.9l3.292,3.452,15.862-16.63-2.394-2.51,1.2-1.255,2.394,2.51,6.884-7.217-3.292-3.451a4.5,4.5,0,0,1-6.584,0,5.05,5.05,0,0,1,0-6.9L30.1,6.159l-6.883,7.217,2.394,2.51-1.2,1.255-2.394-2.51L6.159,31.261ZM25.612,18.4l1.2-1.255,2.394,2.51-1.2,1.255ZM29.2,22.162l1.2-1.255,2.394,2.51-1.2,1.255Z\" transform=\"translate(1.083 -6.159)\" fill=\"#fff\"><\/path><\/g><\/svg>\n\t\t\t\t\tCOMPRAR ENTRADA\t\t\t\t<\/a>\n\t\t\t\t\t\t<\/div>\n        <\/div>\t\t<\/div>\n\t\t\t\t<\/div>\n\t\t\t\t\t<\/div>\n\t\t<\/div>\n\t\t\t\t\t\t\t<\/div>\n\t\t<\/section>\n\t\t\t\t<div class=\"elementor-element elementor-element-16a02764 elementor-widget-divider--view-line elementor-widget elementor-widget-divider\" data-id=\"16a02764\" data-element_type=\"widget\" data-widget_type=\"divider.default\">\n\t\t\t\t<div class=\"elementor-widget-container\">\n\t\t\t\t\t<div class=\"elementor-divider\">\n\t\t\t<span class=\"elementor-divider-separator\">\n\t\t\t\t\t\t<\/span>\n\t\t<\/div>\n\t\t\t\t<\/div>\n\t\t\t\t<\/div>\n\t\t\t\t\t<\/div>\n\t\t<\/div>\n\t\t\t\t\t\t\t<\/div>\n\t\t<\/section>\n\t\t\t\t<section class=\"elementor-section elementor-top-section elementor-element elementor-element-f85df5e elementor-section-full_width elementor-section-height-default elementor-section-height-default\" data-id=\"f85df5e\" data-element_type=\"section\">\n\t\t\t\t\t\t<div class=\"elementor-container elementor-column-gap-default\">\n\t\t\t\t\t<div class=\"elementor-column elementor-col-33 elementor-top-column elementor-element elementor-element-331b3b2a\" data-id=\"331b3b2a\" data-element_type=\"column\">\n\t\t\t<div class=\"elementor-widget-wrap elementor-element-populated\">\n\t\t\t\t\t\t\t\t<div class=\"elementor-element elementor-element-22d01d05 elementor-widget elementor-widget-image\" data-id=\"22d01d05\" data-element_type=\"widget\" data-widget_type=\"image.default\">\n\t\t\t\t<div class=\"elementor-widget-container\">\n\t\t\t\t\t\t\t\t\t\t\t\t\t\t\t<img fetchpriority=\"high\" decoding=\"async\" width=\"893\" height=\"579\" src=\"https:\/\/www.museunacional.cat\/exposicions-en-linia\/wp-content\/uploads\/vuelo-interior.jpg\" class=\"attachment-full size-full wp-image-5792\" alt=\"\" srcset=\"https:\/\/www.museunacional.cat\/exposicions-en-linia\/wp-content\/uploads\/vuelo-interior.jpg 893w, https:\/\/www.museunacional.cat\/exposicions-en-linia\/wp-content\/uploads\/vuelo-interior-300x195.jpg 300w, https:\/\/www.museunacional.cat\/exposicions-en-linia\/wp-content\/uploads\/vuelo-interior-768x498.jpg 768w\" sizes=\"(max-width: 893px) 100vw, 893px\" \/>\t\t\t\t\t\t\t\t\t\t\t\t\t\t\t<\/div>\n\t\t\t\t<\/div>\n\t\t\t\t\t<\/div>\n\t\t<\/div>\n\t\t\t\t<div class=\"elementor-column elementor-col-33 elementor-top-column elementor-element elementor-element-743ea448\" data-id=\"743ea448\" data-element_type=\"column\">\n\t\t\t<div class=\"elementor-widget-wrap elementor-element-populated\">\n\t\t\t\t\t\t\t\t<div class=\"elementor-element elementor-element-113198ba titol-fitxa elementor-widget elementor-widget-text-editor\" data-id=\"113198ba\" data-element_type=\"widget\" data-widget_type=\"text-editor.default\">\n\t\t\t\t<div class=\"elementor-widget-container\">\n\t\t\t\t\t\t\t<p>\u00bfMorir\u00edas por un ideal?.<\/p>\t\t\t\t\t\t<\/div>\n\t\t\t\t<\/div>\n\t\t\t\t<div class=\"elementor-element elementor-element-27ad15fa elementor-widget elementor-widget-text-editor\" data-id=\"27ad15fa\" data-element_type=\"widget\" data-widget_type=\"text-editor.default\">\n\t\t\t\t<div class=\"elementor-widget-container\">\n\t\t\t\t\t\t\t<p>Dos r\u00e9plicas a escala 1:1 de dos aviones sovi\u00e9ticos que combatieron en la Guerra Civil aterrizan en la Sala Oval. Francesc Torres explora el impacto de la muerte que llega del cielo<br \/>\ny reflexiona sobre las ideas del sacrificio de morir por un ideal, a partir de la obra de la colecci\u00f3n de Arte G\u00f3tico del Museo La crucifixi\u00f3n de san Pedro, de Pere Serra. Con esta instalaci\u00f3n, el artista desdibuja una vez m\u00e1s los l\u00edmites entre el arte y el no-arte. Seg\u00fan sus propias palabras: \u201cUn avi\u00f3n que no vuela es una obra de arte\u201d.<\/p>\n\t\t\t\t\t\t<\/div>\n\t\t\t\t<\/div>\n\t\t\t\t<div class=\"elementor-element elementor-element-a53e878 elementor-widget elementor-widget-text-editor\" data-id=\"a53e878\" data-element_type=\"widget\" data-widget_type=\"text-editor.default\">\n\t\t\t\t<div class=\"elementor-widget-container\">\n\t\t\t\t\t\t\t<p>El campo de aviaci\u00f3n de la S\u00e8nia, tuvo un papel muy destacado por su situaci\u00f3n estrat\u00e9gica y su capacidad operativa, primero por la Aviaci\u00f3n de la Rep\u00fablica y luego por la Legi\u00f3n C\u00f3ndor alemana.<\/p>\n\t\t\t\t\t\t<\/div>\n\t\t\t\t<\/div>\n\t\t\t\t<div class=\"elementor-element elementor-element-209b4e48 elementor-align-left elementor-widget elementor-widget-button\" data-id=\"209b4e48\" data-element_type=\"widget\" data-widget_type=\"button.default\">\n\t\t\t\t<div class=\"elementor-widget-container\">\n\t\t\t\t\t<div class=\"elementor-button-wrapper\">\n\t\t\t<a class=\"elementor-button elementor-button-link elementor-size-sm\" href=\"https:\/\/www.museunacional.cat\/es\/aeronautica-vuelo-interior\">\n\t\t\t\t\t\t<span class=\"elementor-button-content-wrapper\">\n\t\t\t\t\t\t<span class=\"elementor-button-text\">M\u00c1S INFO<\/span>\n\t\t<\/span>\n\t\t\t\t\t<\/a>\n\t\t<\/div>\n\t\t\t\t<\/div>\n\t\t\t\t<\/div>\n\t\t\t\t\t<\/div>\n\t\t<\/div>\n\t\t\t\t<div class=\"elementor-column elementor-col-33 elementor-top-column elementor-element elementor-element-652766d9\" data-id=\"652766d9\" data-element_type=\"column\">\n\t\t\t<div class=\"elementor-widget-wrap elementor-element-populated\">\n\t\t\t\t\t\t\t\t<div class=\"elementor-element elementor-element-7f649e05 elementor-widget elementor-widget-text-editor\" data-id=\"7f649e05\" data-element_type=\"widget\" data-widget_type=\"text-editor.default\">\n\t\t\t\t<div class=\"elementor-widget-container\">\n\t\t\t\t\t\t\t<p>Del 18 de junio al 12 de septiembre de 2021<\/p>\t\t\t\t\t\t<\/div>\n\t\t\t\t<\/div>\n\t\t\t\t<div class=\"elementor-element elementor-element-3bbc5822 elementor-widget elementor-widget-text-editor\" data-id=\"3bbc5822\" data-element_type=\"widget\" data-widget_type=\"text-editor.default\">\n\t\t\t\t<div class=\"elementor-widget-container\">\n\t\t\t\t\t\t\t<p>Precio: 2\u20ac,\u00a0 incluido en la entrada b\u00e1sica<\/p>\n\t\t\t\t\t\t<\/div>\n\t\t\t\t<\/div>\n\t\t\t\t\t<\/div>\n\t\t<\/div>\n\t\t\t\t\t\t\t<\/div>\n\t\t<\/section>\n\t\t\t\t<section class=\"elementor-section elementor-top-section elementor-element elementor-element-6823c605 elementor-section-full_width elementor-section-height-default elementor-section-height-default\" data-id=\"6823c605\" data-element_type=\"section\">\n\t\t\t\t\t\t<div class=\"elementor-container elementor-column-gap-default\">\n\t\t\t\t\t<div class=\"elementor-column elementor-col-100 elementor-top-column elementor-element elementor-element-1e665ec8\" data-id=\"1e665ec8\" data-element_type=\"column\">\n\t\t\t<div class=\"elementor-widget-wrap elementor-element-populated\">\n\t\t\t\t\t\t\t\t<div class=\"elementor-element elementor-element-23faf9d3 elementor-widget elementor-widget-heading\" data-id=\"23faf9d3\" data-element_type=\"widget\" data-widget_type=\"heading.default\">\n\t\t\t\t<div class=\"elementor-widget-container\">\n\t\t\t<h2 class=\"elementor-heading-title elementor-size-default\">El origen de Aeron\u00e1utica (vuelo interior) fue su visita al hist\u00f3rico Campo de Aviaci\u00f3n de La S\u00e8nia, construido por el Gobierno de la II Rep\u00fablica apenas comenzada la Guerra Civil Espa\u00f1ola.<\/h2>\t\t<\/div>\n\t\t\t\t<\/div>\n\t\t\t\t\t<\/div>\n\t\t<\/div>\n\t\t\t\t\t\t\t<\/div>\n\t\t<\/section>\n\t\t\t\t<section class=\"elementor-section elementor-top-section elementor-element elementor-element-4d450037 elementor-section-full_width elementor-section-height-default elementor-section-height-default\" data-id=\"4d450037\" data-element_type=\"section\">\n\t\t\t\t\t\t<div class=\"elementor-container elementor-column-gap-default\">\n\t\t\t\t\t<div class=\"elementor-column elementor-col-100 elementor-top-column elementor-element elementor-element-6148b8c3\" data-id=\"6148b8c3\" data-element_type=\"column\">\n\t\t\t<div class=\"elementor-widget-wrap elementor-element-populated\">\n\t\t\t\t\t\t\t\t<div class=\"elementor-element elementor-element-96a346b elementor-widget elementor-widget-image\" data-id=\"96a346b\" data-element_type=\"widget\" data-widget_type=\"image.default\">\n\t\t\t\t<div class=\"elementor-widget-container\">\n\t\t\t\t\t\t\t\t\t\t\t\t\t\t\t<img decoding=\"async\" width=\"1200\" height=\"1000\" src=\"https:\/\/www.museunacional.cat\/exposicions-en-linia\/wp-content\/uploads\/francesc-torres.jpg\" class=\"attachment-full size-full wp-image-5523\" alt=\"francesc-torres\" srcset=\"https:\/\/www.museunacional.cat\/exposicions-en-linia\/wp-content\/uploads\/francesc-torres.jpg 1200w, https:\/\/www.museunacional.cat\/exposicions-en-linia\/wp-content\/uploads\/francesc-torres-300x250.jpg 300w, https:\/\/www.museunacional.cat\/exposicions-en-linia\/wp-content\/uploads\/francesc-torres-768x640.jpg 768w\" sizes=\"(max-width: 1200px) 100vw, 1200px\" \/>\t\t\t\t\t\t\t\t\t\t\t\t\t\t\t<\/div>\n\t\t\t\t<\/div>\n\t\t\t\t\t<\/div>\n\t\t<\/div>\n\t\t\t\t\t\t\t<\/div>\n\t\t<\/section>\n\t\t\t\t<section class=\"elementor-section elementor-top-section elementor-element elementor-element-96e5ec4 elementor-section-boxed elementor-section-height-default elementor-section-height-default\" data-id=\"96e5ec4\" data-element_type=\"section\">\n\t\t\t\t\t\t<div class=\"elementor-container elementor-column-gap-default\">\n\t\t\t\t\t<div class=\"elementor-column elementor-col-100 elementor-top-column elementor-element elementor-element-40aa2ed3\" data-id=\"40aa2ed3\" data-element_type=\"column\">\n\t\t\t<div class=\"elementor-widget-wrap elementor-element-populated\">\n\t\t\t\t\t\t\t\t<div class=\"elementor-element elementor-element-44e6a3af elementor-widget elementor-widget-text-editor\" data-id=\"44e6a3af\" data-element_type=\"widget\" data-widget_type=\"text-editor.default\">\n\t\t\t\t<div class=\"elementor-widget-container\">\n\t\t\t\t\t\t\t<p>Colabora<\/p>\n\t\t\t\t\t\t<\/div>\n\t\t\t\t<\/div>\n\t\t\t\t<section class=\"elementor-section elementor-inner-section elementor-element elementor-element-e19c98e elementor-section-boxed elementor-section-height-default elementor-section-height-default\" data-id=\"e19c98e\" data-element_type=\"section\">\n\t\t\t\t\t\t<div class=\"elementor-container elementor-column-gap-default\">\n\t\t\t\t\t<div class=\"elementor-column elementor-col-33 elementor-inner-column elementor-element elementor-element-e2e04af\" data-id=\"e2e04af\" data-element_type=\"column\">\n\t\t\t<div class=\"elementor-widget-wrap elementor-element-populated\">\n\t\t\t\t\t\t\t\t<div class=\"elementor-element elementor-element-2ba3af8 elementor-widget elementor-widget-image\" data-id=\"2ba3af8\" data-element_type=\"widget\" data-widget_type=\"image.default\">\n\t\t\t\t<div class=\"elementor-widget-container\">\n\t\t\t\t\t\t\t\t\t\t\t\t\t\t\t<img decoding=\"async\" width=\"172\" height=\"156\" src=\"https:\/\/www.museunacional.cat\/exposicions-en-linia\/wp-content\/uploads\/ajuntament-senia.jpg\" class=\"attachment-full size-full wp-image-5540\" alt=\"\" \/>\t\t\t\t\t\t\t\t\t\t\t\t\t\t\t<\/div>\n\t\t\t\t<\/div>\n\t\t\t\t\t<\/div>\n\t\t<\/div>\n\t\t\t\t<div class=\"elementor-column elementor-col-33 elementor-inner-column elementor-element elementor-element-a1559c4\" data-id=\"a1559c4\" data-element_type=\"column\">\n\t\t\t<div class=\"elementor-widget-wrap elementor-element-populated\">\n\t\t\t\t\t\t\t\t<div class=\"elementor-element elementor-element-6c8874b elementor-widget elementor-widget-image\" data-id=\"6c8874b\" data-element_type=\"widget\" data-widget_type=\"image.default\">\n\t\t\t\t<div class=\"elementor-widget-container\">\n\t\t\t\t\t\t\t\t\t\t\t\t\t\t\t<img loading=\"lazy\" decoding=\"async\" width=\"156\" height=\"156\" src=\"https:\/\/www.museunacional.cat\/exposicions-en-linia\/wp-content\/uploads\/camp-aviacio-senia.jpg\" class=\"attachment-full size-full wp-image-5537\" alt=\"\" srcset=\"https:\/\/www.museunacional.cat\/exposicions-en-linia\/wp-content\/uploads\/camp-aviacio-senia.jpg 156w, https:\/\/www.museunacional.cat\/exposicions-en-linia\/wp-content\/uploads\/camp-aviacio-senia-150x150.jpg 150w\" sizes=\"(max-width: 156px) 100vw, 156px\" \/>\t\t\t\t\t\t\t\t\t\t\t\t\t\t\t<\/div>\n\t\t\t\t<\/div>\n\t\t\t\t\t<\/div>\n\t\t<\/div>\n\t\t\t\t<div class=\"elementor-column elementor-col-33 elementor-inner-column elementor-element elementor-element-b503f6f\" data-id=\"b503f6f\" data-element_type=\"column\">\n\t\t\t<div class=\"elementor-widget-wrap elementor-element-populated\">\n\t\t\t\t\t\t\t\t<div class=\"elementor-element elementor-element-40861a70 elementor-widget elementor-widget-image\" data-id=\"40861a70\" data-element_type=\"widget\" data-widget_type=\"image.default\">\n\t\t\t\t<div class=\"elementor-widget-container\">\n\t\t\t\t\t\t\t\t\t\t\t\t\t\t\t<img loading=\"lazy\" decoding=\"async\" width=\"300\" height=\"156\" src=\"https:\/\/www.museunacional.cat\/exposicions-en-linia\/wp-content\/uploads\/cahs.jpg\" class=\"attachment-full size-full wp-image-5533\" alt=\"CAHS\" \/>\t\t\t\t\t\t\t\t\t\t\t\t\t\t\t<\/div>\n\t\t\t\t<\/div>\n\t\t\t\t\t<\/div>\n\t\t<\/div>\n\t\t\t\t\t\t\t<\/div>\n\t\t<\/section>\n\t\t\t\t\t<\/div>\n\t\t<\/div>\n\t\t\t\t\t\t\t<\/div>\n\t\t<\/section>\n\t\t\t\t\t\t\t<\/div>\n\t\t","protected":false},"excerpt":{"rendered":"<p>Aeron\u00e1utica (vuelo) Interior COMPRAR ENTRADA \u00bfMorir\u00edas por un ideal?. Dos r\u00e9plicas a escala 1:1 de dos aviones sovi\u00e9ticos que combatieron en la Guerra Civil aterrizan en la Sala Oval. Francesc Torres explora el impacto de la muerte que llega del cielo y reflexiona sobre las ideas del sacrificio de morir por un ideal, a partir &#8230; <a title=\"Aeron\u00e1utica (vuelo) Interior\" class=\"read-more\" href=\"https:\/\/www.museunacional.cat\/exposicions-en-linia\/es\/aeronautica-vuelo-interior\/\" aria-label=\"M\u00e1s en Aeron\u00e1utica (vuelo) Interior\">Leer m\u00e1s<\/a><\/p>\n","protected":false},"author":3,"featured_media":0,"parent":0,"menu_order":0,"comment_status":"closed","ping_status":"closed","template":"elementor_header_footer","meta":{"footnotes":""},"class_list":["post-5762","page","type-page","status-publish"],"_links":{"self":[{"href":"https:\/\/www.museunacional.cat\/exposicions-en-linia\/es\/wp-json\/wp\/v2\/pages\/5762","targetHints":{"allow":["GET"]}}],"collection":[{"href":"https:\/\/www.museunacional.cat\/exposicions-en-linia\/es\/wp-json\/wp\/v2\/pages"}],"about":[{"href":"https:\/\/www.museunacional.cat\/exposicions-en-linia\/es\/wp-json\/wp\/v2\/types\/page"}],"author":[{"embeddable":true,"href":"https:\/\/www.museunacional.cat\/exposicions-en-linia\/es\/wp-json\/wp\/v2\/users\/3"}],"replies":[{"embeddable":true,"href":"https:\/\/www.museunacional.cat\/exposicions-en-linia\/es\/wp-json\/wp\/v2\/comments?post=5762"}],"version-history":[{"count":15,"href":"https:\/\/www.museunacional.cat\/exposicions-en-linia\/es\/wp-json\/wp\/v2\/pages\/5762\/revisions"}],"predecessor-version":[{"id":6429,"href":"https:\/\/www.museunacional.cat\/exposicions-en-linia\/es\/wp-json\/wp\/v2\/pages\/5762\/revisions\/6429"}],"wp:attachment":[{"href":"https:\/\/www.museunacional.cat\/exposicions-en-linia\/es\/wp-json\/wp\/v2\/media?parent=5762"}],"curies":[{"name":"wp","href":"https:\/\/api.w.org\/{rel}","templated":true}]}}