{"id":5934,"date":"2021-07-08T08:30:57","date_gmt":"2021-07-08T08:30:57","guid":{"rendered":"https:\/\/www.museunacional.cat\/exposicions-en-linia\/the-endless-war-antoni-campana\/"},"modified":"2021-07-09T10:57:02","modified_gmt":"2021-07-09T10:57:02","slug":"the-endless-war-antoni-campana","status":"publish","type":"page","link":"https:\/\/www.museunacional.cat\/exposicions-en-linia\/en\/the-endless-war-antoni-campana\/","title":{"rendered":"The endless war &#8211; Antoni Campa\u00f1a"},"content":{"rendered":"\t\t<div data-elementor-type=\"wp-page\" data-elementor-id=\"5934\" class=\"elementor elementor-5934 elementor-4842\" data-elementor-post-type=\"page\">\n\t\t\t\t\t\t\t\t\t<section class=\"elementor-section elementor-top-section elementor-element elementor-element-4aba3991 elementor-section-full_width elementor-section-content-top elementor-section-height-default elementor-section-height-default\" data-id=\"4aba3991\" data-element_type=\"section\" data-settings=\"{&quot;background_background&quot;:&quot;classic&quot;,&quot;sticky&quot;:&quot;top&quot;,&quot;sticky_offset&quot;:70,&quot;sticky_on&quot;:[&quot;desktop&quot;,&quot;tablet&quot;,&quot;mobile&quot;],&quot;sticky_effects_offset&quot;:0}\">\n\t\t\t\t\t\t<div class=\"elementor-container elementor-column-gap-default\">\n\t\t\t\t\t<div class=\"elementor-column elementor-col-100 elementor-top-column elementor-element elementor-element-121220df\" data-id=\"121220df\" data-element_type=\"column\">\n\t\t\t<div class=\"elementor-widget-wrap elementor-element-populated\">\n\t\t\t\t\t\t\t\t<div class=\"elementor-element elementor-element-13d0c98f elementor-widget-divider--view-line elementor-widget elementor-widget-divider\" data-id=\"13d0c98f\" data-element_type=\"widget\" data-widget_type=\"divider.default\">\n\t\t\t\t<div class=\"elementor-widget-container\">\n\t\t\t\t\t<div class=\"elementor-divider\">\n\t\t\t<span class=\"elementor-divider-separator\">\n\t\t\t\t\t\t<\/span>\n\t\t<\/div>\n\t\t\t\t<\/div>\n\t\t\t\t<\/div>\n\t\t\t\t<section class=\"elementor-section elementor-inner-section elementor-element elementor-element-cca923a elementor-section-full_width elementor-section-height-default elementor-section-height-default\" data-id=\"cca923a\" data-element_type=\"section\">\n\t\t\t\t\t\t<div class=\"elementor-container elementor-column-gap-default\">\n\t\t\t\t\t<div class=\"elementor-column elementor-col-33 elementor-inner-column elementor-element elementor-element-acc7244\" data-id=\"acc7244\" data-element_type=\"column\">\n\t\t\t<div class=\"elementor-widget-wrap elementor-element-populated\">\n\t\t\t\t\t\t\t\t<div class=\"elementor-element elementor-element-965a566 elementor-widget elementor-widget-heading\" data-id=\"965a566\" data-element_type=\"widget\" data-widget_type=\"heading.default\">\n\t\t\t\t<div class=\"elementor-widget-container\">\n\t\t\t<h2 class=\"elementor-heading-title elementor-size-default\">THE ENDLESS WAR<\/h2>\t\t<\/div>\n\t\t\t\t<\/div>\n\t\t\t\t\t<\/div>\n\t\t<\/div>\n\t\t\t\t<div class=\"elementor-column elementor-col-33 elementor-inner-column elementor-element elementor-element-3425bba\" data-id=\"3425bba\" data-element_type=\"column\">\n\t\t\t<div class=\"elementor-widget-wrap elementor-element-populated\">\n\t\t\t\t\t\t\t\t<div class=\"elementor-element elementor-element-e361359 elementor-widget elementor-widget-heading\" data-id=\"e361359\" data-element_type=\"widget\" data-widget_type=\"heading.default\">\n\t\t\t\t<div class=\"elementor-widget-container\">\n\t\t\t<h2 class=\"elementor-heading-title elementor-size-default\">ANTONI CAMPA\u00d1\u00c0<\/h2>\t\t<\/div>\n\t\t\t\t<\/div>\n\t\t\t\t\t<\/div>\n\t\t<\/div>\n\t\t\t\t<div class=\"elementor-column elementor-col-33 elementor-inner-column elementor-element elementor-element-e0435c5\" data-id=\"e0435c5\" data-element_type=\"column\">\n\t\t\t<div class=\"elementor-widget-wrap elementor-element-populated\">\n\t\t\t\t\t\t\t\t<div class=\"elementor-element elementor-element-5dbb8dcf elementor-widget elementor-widget-elementskit-button\" data-id=\"5dbb8dcf\" data-element_type=\"widget\" data-widget_type=\"elementskit-button.default\">\n\t\t\t\t<div class=\"elementor-widget-container\">\n\t\t\t<div class=\"ekit-wid-con\" >\t\t<div class=\"ekit-btn-wraper\">\n\t\t\t\t\t\t\t<a href=\"https:\/\/tickets.museunacional.cat\/muslinkIII\/venda\/index.jsp?lang=1&#038;nom_cache=MUSEU&#038;property=MUSEU&#038;codiActiv=482&#038;_ga=2.58910125.166100492.1625730532-540838863.1623843750\" class=\"elementskit-btn  whitespace--normal\" >\n\t\t\t\t\t\n\t\t\t\t\t<svg xmlns=\"http:\/\/www.w3.org\/2000\/svg\" width=\"37.111\" height=\"38.908\" viewBox=\"0 0 37.111 38.908\"><g id=\"Grupo_85\" data-name=\"Grupo 85\" transform=\"translate(-7.242)\"><path id=\"Trazado_27\" data-name=\"Trazado 27\" d=\"M6.159,31.261l3.292,3.451a4.5,4.5,0,0,1,6.584,0,5.05,5.05,0,0,1,0,6.9l3.292,3.452,15.862-16.63-2.394-2.51,1.2-1.255,2.394,2.51,6.884-7.217-3.292-3.451a4.5,4.5,0,0,1-6.584,0,5.05,5.05,0,0,1,0-6.9L30.1,6.159l-6.883,7.217,2.394,2.51-1.2,1.255-2.394-2.51L6.159,31.261ZM25.612,18.4l1.2-1.255,2.394,2.51-1.2,1.255ZM29.2,22.162l1.2-1.255,2.394,2.51-1.2,1.255Z\" transform=\"translate(1.083 -6.159)\" fill=\"#fff\"><\/path><\/g><\/svg>\n\t\t\t\t\tCOMPRAR L&#039;ENTRADA\t\t\t\t<\/a>\n\t\t\t\t\t\t<\/div>\n        <\/div>\t\t<\/div>\n\t\t\t\t<\/div>\n\t\t\t\t\t<\/div>\n\t\t<\/div>\n\t\t\t\t\t\t\t<\/div>\n\t\t<\/section>\n\t\t\t\t<div class=\"elementor-element elementor-element-512d7767 elementor-widget-divider--view-line elementor-widget elementor-widget-divider\" data-id=\"512d7767\" data-element_type=\"widget\" data-widget_type=\"divider.default\">\n\t\t\t\t<div class=\"elementor-widget-container\">\n\t\t\t\t\t<div class=\"elementor-divider\">\n\t\t\t<span class=\"elementor-divider-separator\">\n\t\t\t\t\t\t<\/span>\n\t\t<\/div>\n\t\t\t\t<\/div>\n\t\t\t\t<\/div>\n\t\t\t\t\t<\/div>\n\t\t<\/div>\n\t\t\t\t\t\t\t<\/div>\n\t\t<\/section>\n\t\t\t\t<section class=\"elementor-section elementor-top-section elementor-element elementor-element-2e138d42 elementor-section-full_width elementor-section-height-default elementor-section-height-default\" data-id=\"2e138d42\" data-element_type=\"section\">\n\t\t\t\t\t\t<div class=\"elementor-container elementor-column-gap-default\">\n\t\t\t\t\t<div class=\"elementor-column elementor-col-33 elementor-top-column elementor-element elementor-element-1ba8c441\" data-id=\"1ba8c441\" data-element_type=\"column\">\n\t\t\t<div class=\"elementor-widget-wrap elementor-element-populated\">\n\t\t\t\t\t\t\t\t<div class=\"elementor-element elementor-element-6e2b7b7e elementor-widget elementor-widget-image\" data-id=\"6e2b7b7e\" data-element_type=\"widget\" data-widget_type=\"image.default\">\n\t\t\t\t<div class=\"elementor-widget-container\">\n\t\t\t\t\t\t\t\t\t\t\t\t\t\t\t<img fetchpriority=\"high\" decoding=\"async\" width=\"886\" height=\"579\" src=\"https:\/\/www.museunacional.cat\/exposicions-en-linia\/wp-content\/uploads\/endless-war.jpg\" class=\"attachment-full size-full wp-image-5986\" alt=\"endless-war\" srcset=\"https:\/\/www.museunacional.cat\/exposicions-en-linia\/wp-content\/uploads\/endless-war.jpg 886w, https:\/\/www.museunacional.cat\/exposicions-en-linia\/wp-content\/uploads\/endless-war-300x196.jpg 300w, https:\/\/www.museunacional.cat\/exposicions-en-linia\/wp-content\/uploads\/endless-war-768x502.jpg 768w\" sizes=\"(max-width: 886px) 100vw, 886px\" \/>\t\t\t\t\t\t\t\t\t\t\t\t\t\t\t<\/div>\n\t\t\t\t<\/div>\n\t\t\t\t\t<\/div>\n\t\t<\/div>\n\t\t\t\t<div class=\"elementor-column elementor-col-33 elementor-top-column elementor-element elementor-element-5efe25d\" data-id=\"5efe25d\" data-element_type=\"column\">\n\t\t\t<div class=\"elementor-widget-wrap elementor-element-populated\">\n\t\t\t\t\t\t\t\t<div class=\"elementor-element elementor-element-c81b4cc titol-fitxa elementor-widget elementor-widget-text-editor\" data-id=\"c81b4cc\" data-element_type=\"widget\" data-widget_type=\"text-editor.default\">\n\t\t\t\t<div class=\"elementor-widget-container\">\n\t\t\t\t\t\t\t<p>Antoni Campa\u00f1\u00e0 and the tensions of the 20th century.<\/p>\n\t\t\t\t\t\t<\/div>\n\t\t\t\t<\/div>\n\t\t\t\t<div class=\"elementor-element elementor-element-e16d290 elementor-widget elementor-widget-text-editor\" data-id=\"e16d290\" data-element_type=\"widget\" data-widget_type=\"text-editor.default\">\n\t\t\t\t<div class=\"elementor-widget-container\">\n\t\t\t\t\t\t\t<p>A journey through the career of the photographer Antoni Campa\u00f1\u00e0 (Arb\u00facies, 1906 &#8211; Sant Cugat del Vall\u00e8s, 1989), with special interest in the photographs that he took during the Civil War and that the family found to treasure in 2018. A set of images of great artistic quality and historical relevance that were stored by the artist himself in what we now know as the &#8220;capsa vermella&#8221;. A capsule of time that has been hidden for more than seventy years, with hundreds of unpublished images that are a great contribution to the photographic heritage of the country, and which have made Campa\u00f1\u00e0 one of the great names in photography of the 20th century.<\/p>\n\t\t\t\t\t\t<\/div>\n\t\t\t\t<\/div>\n\t\t\t\t<div class=\"elementor-element elementor-element-086be26 elementor-align-left elementor-widget elementor-widget-button\" data-id=\"086be26\" data-element_type=\"widget\" data-widget_type=\"button.default\">\n\t\t\t\t<div class=\"elementor-widget-container\">\n\t\t\t\t\t<div class=\"elementor-button-wrapper\">\n\t\t\t<a class=\"elementor-button elementor-button-link elementor-size-sm\" href=\"https:\/\/www.museunacional.cat\/en\/endless-war-antoni-campana%20\">\n\t\t\t\t\t\t<span class=\"elementor-button-content-wrapper\">\n\t\t\t\t\t\t<span class=\"elementor-button-text\">MORE INFO<\/span>\n\t\t<\/span>\n\t\t\t\t\t<\/a>\n\t\t<\/div>\n\t\t\t\t<\/div>\n\t\t\t\t<\/div>\n\t\t\t\t\t<\/div>\n\t\t<\/div>\n\t\t\t\t<div class=\"elementor-column elementor-col-33 elementor-top-column elementor-element elementor-element-4efb25c\" data-id=\"4efb25c\" data-element_type=\"column\">\n\t\t\t<div class=\"elementor-widget-wrap elementor-element-populated\">\n\t\t\t\t\t\t\t\t<div class=\"elementor-element elementor-element-c3da7d0 elementor-widget elementor-widget-text-editor\" data-id=\"c3da7d0\" data-element_type=\"widget\" data-widget_type=\"text-editor.default\">\n\t\t\t\t<div class=\"elementor-widget-container\">\n\t\t\t\t\t\t\t<p>From 19 March to 18 July 2021<\/p>\n\t\t\t\t\t\t<\/div>\n\t\t\t\t<\/div>\n\t\t\t\t<div class=\"elementor-element elementor-element-f27da6c elementor-widget elementor-widget-text-editor\" data-id=\"f27da6c\" data-element_type=\"widget\" data-widget_type=\"text-editor.default\">\n\t\t\t\t<div class=\"elementor-widget-container\">\n\t\t\t\t\t\t\t<p>Price: \u20ac6<\/p>\n\t\t\t\t\t\t<\/div>\n\t\t\t\t<\/div>\n\t\t\t\t<div class=\"elementor-element elementor-element-e058c34 elementor-widget elementor-widget-text-editor\" data-id=\"e058c34\" data-element_type=\"widget\" data-widget_type=\"text-editor.default\">\n\t\t\t\t<div class=\"elementor-widget-container\">\n\t\t\t\t\t\t\t<p>Commissioned by:<br \/>\nToni Monn\u00e9, Arnau Gonz\u00e0lez i Vilalta, Pl\u00e0cid Garcia-Planas and Roser Cambray, curator of the Museu Nacional.<\/p>\n\t\t\t\t\t\t<\/div>\n\t\t\t\t<\/div>\n\t\t\t\t\t<\/div>\n\t\t<\/div>\n\t\t\t\t\t\t\t<\/div>\n\t\t<\/section>\n\t\t\t\t<section class=\"elementor-section elementor-top-section elementor-element elementor-element-dbdd42d elementor-section-full_width elementor-section-height-default elementor-section-height-default\" data-id=\"dbdd42d\" data-element_type=\"section\">\n\t\t\t\t\t\t<div class=\"elementor-container elementor-column-gap-default\">\n\t\t\t\t\t<div class=\"elementor-column elementor-col-100 elementor-top-column elementor-element elementor-element-7d11ff2\" data-id=\"7d11ff2\" data-element_type=\"column\">\n\t\t\t<div class=\"elementor-widget-wrap elementor-element-populated\">\n\t\t\t\t\t\t\t\t<div class=\"elementor-element elementor-element-58bd3ec elementor-widget elementor-widget-heading\" data-id=\"58bd3ec\" data-element_type=\"widget\" data-widget_type=\"heading.default\">\n\t\t\t\t<div class=\"elementor-widget-container\">\n\t\t\t<h2 class=\"elementor-heading-title elementor-size-default\">This is the unknown story of a photographer who consciously hid five thousand five hundred photographs of the Civil War in a red box.<\/h2>\t\t<\/div>\n\t\t\t\t<\/div>\n\t\t\t\t\t<\/div>\n\t\t<\/div>\n\t\t\t\t\t\t\t<\/div>\n\t\t<\/section>\n\t\t\t\t<section class=\"elementor-section elementor-top-section elementor-element elementor-element-25a998d8 elementor-section-full_width elementor-section-height-default elementor-section-height-default\" data-id=\"25a998d8\" data-element_type=\"section\">\n\t\t\t\t\t\t<div class=\"elementor-container elementor-column-gap-default\">\n\t\t\t\t\t<div class=\"elementor-column elementor-col-50 elementor-top-column elementor-element elementor-element-6b1eb871\" data-id=\"6b1eb871\" data-element_type=\"column\">\n\t\t\t<div class=\"elementor-widget-wrap elementor-element-populated\">\n\t\t\t\t\t\t\t\t<div class=\"elementor-element elementor-element-99b36ec elementor-widget elementor-widget-video\" data-id=\"99b36ec\" data-element_type=\"widget\" data-settings=\"{&quot;youtube_url&quot;:&quot;https:\\\/\\\/www.youtube.com\\\/watch?v=3PJ71aCNM8s&quot;,&quot;video_type&quot;:&quot;youtube&quot;,&quot;controls&quot;:&quot;yes&quot;}\" data-widget_type=\"video.default\">\n\t\t\t\t<div class=\"elementor-widget-container\">\n\t\t\t\t\t<div class=\"elementor-wrapper elementor-open-inline\">\n\t\t\t<div class=\"elementor-video\"><\/div>\t\t<\/div>\n\t\t\t\t<\/div>\n\t\t\t\t<\/div>\n\t\t\t\t\t<\/div>\n\t\t<\/div>\n\t\t\t\t<div class=\"elementor-column elementor-col-50 elementor-top-column elementor-element elementor-element-54740e46\" data-id=\"54740e46\" data-element_type=\"column\">\n\t\t\t<div class=\"elementor-widget-wrap elementor-element-populated\">\n\t\t\t\t\t\t\t\t<div class=\"elementor-element elementor-element-6f928fc elementor-widget elementor-widget-video\" data-id=\"6f928fc\" data-element_type=\"widget\" data-settings=\"{&quot;youtube_url&quot;:&quot;https:\\\/\\\/www.youtube.com\\\/watch?v=_Tky7PX6oe0&quot;,&quot;video_type&quot;:&quot;youtube&quot;,&quot;controls&quot;:&quot;yes&quot;}\" data-widget_type=\"video.default\">\n\t\t\t\t<div class=\"elementor-widget-container\">\n\t\t\t\t\t<div class=\"elementor-wrapper elementor-open-inline\">\n\t\t\t<div class=\"elementor-video\"><\/div>\t\t<\/div>\n\t\t\t\t<\/div>\n\t\t\t\t<\/div>\n\t\t\t\t\t<\/div>\n\t\t<\/div>\n\t\t\t\t\t\t\t<\/div>\n\t\t<\/section>\n\t\t\t\t<section class=\"elementor-section elementor-top-section elementor-element elementor-element-4ecae51 elementor-section-boxed elementor-section-height-default elementor-section-height-default\" data-id=\"4ecae51\" data-element_type=\"section\">\n\t\t\t\t\t\t<div class=\"elementor-container elementor-column-gap-default\">\n\t\t\t\t\t<div class=\"elementor-column elementor-col-100 elementor-top-column elementor-element elementor-element-4bb254d\" data-id=\"4bb254d\" data-element_type=\"column\">\n\t\t\t<div class=\"elementor-widget-wrap elementor-element-populated\">\n\t\t\t\t\t\t\t\t<div class=\"elementor-element elementor-element-bcbb630 elementor-widget elementor-widget-text-editor\" data-id=\"bcbb630\" data-element_type=\"widget\" data-widget_type=\"text-editor.default\">\n\t\t\t\t<div class=\"elementor-widget-container\">\n\t\t\t\t\t\t\t<p>Collaborate<\/p>\n\t\t\t\t\t\t<\/div>\n\t\t\t\t<\/div>\n\t\t\t\t<div class=\"elementor-element elementor-element-5177b79 elementor-widget elementor-widget-image\" data-id=\"5177b79\" data-element_type=\"widget\" data-widget_type=\"image.default\">\n\t\t\t\t<div class=\"elementor-widget-container\">\n\t\t\t\t\t\t\t\t\t\t\t\t\t\t\t<img decoding=\"async\" width=\"130\" height=\"130\" src=\"https:\/\/www.museunacional.cat\/exposicions-en-linia\/wp-content\/uploads\/logo-leica.jpg\" class=\"attachment-full size-full wp-image-4935\" alt=\"Col\u00b7labora Leica\" \/>\t\t\t\t\t\t\t\t\t\t\t\t\t\t\t<\/div>\n\t\t\t\t<\/div>\n\t\t\t\t\t<\/div>\n\t\t<\/div>\n\t\t\t\t\t\t\t<\/div>\n\t\t<\/section>\n\t\t\t\t\t\t\t<\/div>\n\t\t","protected":false},"excerpt":{"rendered":"<p>THE ENDLESS WAR ANTONI CAMPA\u00d1\u00c0 COMPRAR L&#039;ENTRADA Antoni Campa\u00f1\u00e0 and the tensions of the 20th century. A journey through the career of the photographer Antoni Campa\u00f1\u00e0 (Arb\u00facies, 1906 &#8211; Sant Cugat del Vall\u00e8s, 1989), with special interest in the photographs that he took during the Civil War and that the family found to treasure in &#8230; <a title=\"The endless war &#8211; Antoni Campa\u00f1a\" class=\"read-more\" href=\"https:\/\/www.museunacional.cat\/exposicions-en-linia\/en\/the-endless-war-antoni-campana\/\" aria-label=\"More on The endless war &#8211; Antoni Campa\u00f1a\">Read more<\/a><\/p>\n","protected":false},"author":3,"featured_media":0,"parent":0,"menu_order":0,"comment_status":"closed","ping_status":"closed","template":"elementor_header_footer","meta":{"footnotes":""},"class_list":["post-5934","page","type-page","status-publish"],"_links":{"self":[{"href":"https:\/\/www.museunacional.cat\/exposicions-en-linia\/en\/wp-json\/wp\/v2\/pages\/5934","targetHints":{"allow":["GET"]}}],"collection":[{"href":"https:\/\/www.museunacional.cat\/exposicions-en-linia\/en\/wp-json\/wp\/v2\/pages"}],"about":[{"href":"https:\/\/www.museunacional.cat\/exposicions-en-linia\/en\/wp-json\/wp\/v2\/types\/page"}],"author":[{"embeddable":true,"href":"https:\/\/www.museunacional.cat\/exposicions-en-linia\/en\/wp-json\/wp\/v2\/users\/3"}],"replies":[{"embeddable":true,"href":"https:\/\/www.museunacional.cat\/exposicions-en-linia\/en\/wp-json\/wp\/v2\/comments?post=5934"}],"version-history":[{"count":25,"href":"https:\/\/www.museunacional.cat\/exposicions-en-linia\/en\/wp-json\/wp\/v2\/pages\/5934\/revisions"}],"predecessor-version":[{"id":6064,"href":"https:\/\/www.museunacional.cat\/exposicions-en-linia\/en\/wp-json\/wp\/v2\/pages\/5934\/revisions\/6064"}],"wp:attachment":[{"href":"https:\/\/www.museunacional.cat\/exposicions-en-linia\/en\/wp-json\/wp\/v2\/media?parent=5934"}],"curies":[{"name":"wp","href":"https:\/\/api.w.org\/{rel}","templated":true}]}}