{"id":5583,"date":"2021-06-23T13:28:05","date_gmt":"2021-06-23T13:28:05","guid":{"rendered":"https:\/\/www.museunacional.cat\/exposicions-en-linia\/?page_id=5583"},"modified":"2021-07-14T13:55:19","modified_gmt":"2021-07-14T13:55:19","slug":"el-museu-en-perill","status":"publish","type":"page","link":"https:\/\/www.museunacional.cat\/exposicions-en-linia\/ca\/el-museu-en-perill\/","title":{"rendered":"EL MUSEU EN PERILL!"},"content":{"rendered":"\t\t<div data-elementor-type=\"wp-page\" data-elementor-id=\"5583\" class=\"elementor elementor-5583\" data-elementor-post-type=\"page\">\n\t\t\t\t\t\t\t\t\t<section class=\"elementor-section elementor-top-section elementor-element elementor-element-12ebdd94 elementor-section-full_width elementor-section-content-top elementor-section-height-default elementor-section-height-default\" data-id=\"12ebdd94\" data-element_type=\"section\" data-settings=\"{&quot;background_background&quot;:&quot;classic&quot;,&quot;sticky&quot;:&quot;top&quot;,&quot;sticky_offset&quot;:70,&quot;sticky_on&quot;:[&quot;desktop&quot;,&quot;tablet&quot;,&quot;mobile&quot;],&quot;sticky_effects_offset&quot;:0}\">\n\t\t\t\t\t\t<div class=\"elementor-container elementor-column-gap-default\">\n\t\t\t\t\t<div class=\"elementor-column elementor-col-100 elementor-top-column elementor-element elementor-element-ae9c4d0\" data-id=\"ae9c4d0\" data-element_type=\"column\">\n\t\t\t<div class=\"elementor-widget-wrap elementor-element-populated\">\n\t\t\t\t\t\t\t\t<div class=\"elementor-element elementor-element-15e70e9e elementor-widget-divider--view-line elementor-widget elementor-widget-divider\" data-id=\"15e70e9e\" data-element_type=\"widget\" data-widget_type=\"divider.default\">\n\t\t\t\t<div class=\"elementor-widget-container\">\n\t\t\t\t\t<div class=\"elementor-divider\">\n\t\t\t<span class=\"elementor-divider-separator\">\n\t\t\t\t\t\t<\/span>\n\t\t<\/div>\n\t\t\t\t<\/div>\n\t\t\t\t<\/div>\n\t\t\t\t<section class=\"elementor-section elementor-inner-section elementor-element elementor-element-1ffe072a elementor-section-full_width elementor-section-height-default elementor-section-height-default\" data-id=\"1ffe072a\" data-element_type=\"section\">\n\t\t\t\t\t\t<div class=\"elementor-container elementor-column-gap-default\">\n\t\t\t\t\t<div class=\"elementor-column elementor-col-33 elementor-inner-column elementor-element elementor-element-72d3c72d\" data-id=\"72d3c72d\" data-element_type=\"column\">\n\t\t\t<div class=\"elementor-widget-wrap elementor-element-populated\">\n\t\t\t\t\t\t\t\t<div class=\"elementor-element elementor-element-1dc1dc83 elementor-widget elementor-widget-heading\" data-id=\"1dc1dc83\" data-element_type=\"widget\" data-widget_type=\"heading.default\">\n\t\t\t\t<div class=\"elementor-widget-container\">\n\t\t\t<h2 class=\"elementor-heading-title elementor-size-default\">LA GUERRA INFINITA<\/h2>\t\t<\/div>\n\t\t\t\t<\/div>\n\t\t\t\t\t<\/div>\n\t\t<\/div>\n\t\t\t\t<div class=\"elementor-column elementor-col-33 elementor-inner-column elementor-element elementor-element-3554f6f0\" data-id=\"3554f6f0\" data-element_type=\"column\">\n\t\t\t<div class=\"elementor-widget-wrap elementor-element-populated\">\n\t\t\t\t\t\t\t\t<div class=\"elementor-element elementor-element-18c21749 elementor-widget elementor-widget-heading\" data-id=\"18c21749\" data-element_type=\"widget\" data-widget_type=\"heading.default\">\n\t\t\t\t<div class=\"elementor-widget-container\">\n\t\t\t<h2 class=\"elementor-heading-title elementor-size-default\">EL MUSEU EN PERILL!<\/h2>\t\t<\/div>\n\t\t\t\t<\/div>\n\t\t\t\t\t<\/div>\n\t\t<\/div>\n\t\t\t\t<div class=\"elementor-column elementor-col-33 elementor-inner-column elementor-element elementor-element-75f62d63\" data-id=\"75f62d63\" data-element_type=\"column\">\n\t\t\t<div class=\"elementor-widget-wrap elementor-element-populated\">\n\t\t\t\t\t\t\t\t<div class=\"elementor-element elementor-element-5ba118e1 elementor-widget elementor-widget-elementskit-button\" data-id=\"5ba118e1\" data-element_type=\"widget\" data-widget_type=\"elementskit-button.default\">\n\t\t\t\t<div class=\"elementor-widget-container\">\n\t\t\t<div class=\"ekit-wid-con\" >\t\t<div class=\"ekit-btn-wraper\">\n\t\t\t\t\t\t\t<a href=\"https:\/\/tickets.museunacional.cat\/muslinkIII\/venda\/index.jsp?lang=1&#038;nom_cache=MUSEU&#038;property=MUSEU&#038;codiActiv=510&#038;_ga=2.18815679.721419303.1624444315-540838863.1623843750\" class=\"elementskit-btn  whitespace--normal\" >\n\t\t\t\t\t\n\t\t\t\t\t<svg xmlns=\"http:\/\/www.w3.org\/2000\/svg\" width=\"37.111\" height=\"38.908\" viewBox=\"0 0 37.111 38.908\"><g id=\"Grupo_85\" data-name=\"Grupo 85\" transform=\"translate(-7.242)\"><path id=\"Trazado_27\" data-name=\"Trazado 27\" d=\"M6.159,31.261l3.292,3.451a4.5,4.5,0,0,1,6.584,0,5.05,5.05,0,0,1,0,6.9l3.292,3.452,15.862-16.63-2.394-2.51,1.2-1.255,2.394,2.51,6.884-7.217-3.292-3.451a4.5,4.5,0,0,1-6.584,0,5.05,5.05,0,0,1,0-6.9L30.1,6.159l-6.883,7.217,2.394,2.51-1.2,1.255-2.394-2.51L6.159,31.261ZM25.612,18.4l1.2-1.255,2.394,2.51-1.2,1.255ZM29.2,22.162l1.2-1.255,2.394,2.51-1.2,1.255Z\" transform=\"translate(1.083 -6.159)\" fill=\"#fff\"><\/path><\/g><\/svg>\n\t\t\t\t\tCOMPRAR L&#039;ENTRADA\t\t\t\t<\/a>\n\t\t\t\t\t\t<\/div>\n        <\/div>\t\t<\/div>\n\t\t\t\t<\/div>\n\t\t\t\t\t<\/div>\n\t\t<\/div>\n\t\t\t\t\t\t\t<\/div>\n\t\t<\/section>\n\t\t\t\t<div class=\"elementor-element elementor-element-61a60435 elementor-widget-divider--view-line elementor-widget elementor-widget-divider\" data-id=\"61a60435\" data-element_type=\"widget\" data-widget_type=\"divider.default\">\n\t\t\t\t<div class=\"elementor-widget-container\">\n\t\t\t\t\t<div class=\"elementor-divider\">\n\t\t\t<span class=\"elementor-divider-separator\">\n\t\t\t\t\t\t<\/span>\n\t\t<\/div>\n\t\t\t\t<\/div>\n\t\t\t\t<\/div>\n\t\t\t\t\t<\/div>\n\t\t<\/div>\n\t\t\t\t\t\t\t<\/div>\n\t\t<\/section>\n\t\t\t\t<section class=\"elementor-section elementor-top-section elementor-element elementor-element-6634dab1 elementor-section-full_width elementor-section-height-default elementor-section-height-default\" data-id=\"6634dab1\" data-element_type=\"section\">\n\t\t\t\t\t\t<div class=\"elementor-container elementor-column-gap-default\">\n\t\t\t\t\t<div class=\"elementor-column elementor-col-33 elementor-top-column elementor-element elementor-element-8688620\" data-id=\"8688620\" data-element_type=\"column\">\n\t\t\t<div class=\"elementor-widget-wrap elementor-element-populated\">\n\t\t\t\t\t\t\t\t<div class=\"elementor-element elementor-element-3735db3 elementor-widget elementor-widget-image\" data-id=\"3735db3\" data-element_type=\"widget\" data-widget_type=\"image.default\">\n\t\t\t\t<div class=\"elementor-widget-container\">\n\t\t\t\t\t\t\t\t\t\t\t\t\t\t\t<img fetchpriority=\"high\" decoding=\"async\" width=\"893\" height=\"579\" src=\"https:\/\/www.museunacional.cat\/exposicions-en-linia\/wp-content\/uploads\/museu-perill.jpg\" class=\"attachment-full size-full wp-image-5591\" alt=\"museu-perill\" srcset=\"https:\/\/www.museunacional.cat\/exposicions-en-linia\/wp-content\/uploads\/museu-perill.jpg 893w, https:\/\/www.museunacional.cat\/exposicions-en-linia\/wp-content\/uploads\/museu-perill-300x195.jpg 300w, https:\/\/www.museunacional.cat\/exposicions-en-linia\/wp-content\/uploads\/museu-perill-768x498.jpg 768w\" sizes=\"(max-width: 893px) 100vw, 893px\" \/>\t\t\t\t\t\t\t\t\t\t\t\t\t\t\t<\/div>\n\t\t\t\t<\/div>\n\t\t\t\t\t<\/div>\n\t\t<\/div>\n\t\t\t\t<div class=\"elementor-column elementor-col-33 elementor-top-column elementor-element elementor-element-73f5bde\" data-id=\"73f5bde\" data-element_type=\"column\">\n\t\t\t<div class=\"elementor-widget-wrap elementor-element-populated\">\n\t\t\t\t\t\t\t\t<div class=\"elementor-element elementor-element-3afc5210 titol-fitxa elementor-widget elementor-widget-text-editor\" data-id=\"3afc5210\" data-element_type=\"widget\" data-widget_type=\"text-editor.default\">\n\t\t\t\t<div class=\"elementor-widget-container\">\n\t\t\t\t\t\t\t<p>Salvaguarda i endre\u00e7a de l&#8217;art catal\u00e0 durant la guerra civil<\/p>\t\t\t\t\t\t<\/div>\n\t\t\t\t<\/div>\n\t\t\t\t<div class=\"elementor-element elementor-element-142f7e69 elementor-widget elementor-widget-text-editor\" data-id=\"142f7e69\" data-element_type=\"widget\" data-widget_type=\"text-editor.default\">\n\t\t\t\t<div class=\"elementor-widget-container\">\n\t\t\t\t\t\t\t<p>Arran de l\u2019esclat de la Guerra, la Generalitat va emprendre, de forma urgent, una tasca que va ser decisiva per a la conservaci\u00f3 del patrimoni art\u00edstic catal\u00e0. Ho van fer possible diverses personalitats, entre les que destaquen Joan Subias, Josep Gudiol, Miquel Joseph i Mayol i, especialment, Joaquim Folch i Torres, impulsor i primer director de l\u2019actual Museu Nacional d\u2019Art de Catalunya i v\u00edctima de la repressi\u00f3 posterior a la Guerra.<\/p>\t\t\t\t\t\t<\/div>\n\t\t\t\t<\/div>\n\t\t\t\t<div class=\"elementor-element elementor-element-2fbf05a0 elementor-widget elementor-widget-text-editor\" data-id=\"2fbf05a0\" data-element_type=\"widget\" data-widget_type=\"text-editor.default\">\n\t\t\t\t<div class=\"elementor-widget-container\">\n\t\t\t\t\t\t\t<p>La mostra ofereix l\u2019oportunitat de descobrir un episodi cabdal i sorprenent del conflicte, i permet copsar les condicions en qu\u00e8 es va fer el trasllat en camions dels fons dels grans museus de Barcelona cap a Olot, Darnius i Par\u00eds per preservar-los de les conseq\u00fc\u00e8ncies de la Guerra<\/p>\t\t\t\t\t\t<\/div>\n\t\t\t\t<\/div>\n\t\t\t\t<div class=\"elementor-element elementor-element-754e4dcb elementor-align-left elementor-widget elementor-widget-button\" data-id=\"754e4dcb\" data-element_type=\"widget\" data-widget_type=\"button.default\">\n\t\t\t\t<div class=\"elementor-widget-container\">\n\t\t\t\t\t<div class=\"elementor-button-wrapper\">\n\t\t\t<a class=\"elementor-button elementor-button-link elementor-size-sm\" href=\"https:\/\/www.museunacional.cat\/ca\/museu-en-perill-salvaguarda-del-patrimoni-artistic-catala-1936-1939%20\">\n\t\t\t\t\t\t<span class=\"elementor-button-content-wrapper\">\n\t\t\t\t\t\t<span class=\"elementor-button-text\">M\u00c9S INFO<\/span>\n\t\t<\/span>\n\t\t\t\t\t<\/a>\n\t\t<\/div>\n\t\t\t\t<\/div>\n\t\t\t\t<\/div>\n\t\t\t\t\t<\/div>\n\t\t<\/div>\n\t\t\t\t<div class=\"elementor-column elementor-col-33 elementor-top-column elementor-element elementor-element-5ed9bf81\" data-id=\"5ed9bf81\" data-element_type=\"column\">\n\t\t\t<div class=\"elementor-widget-wrap elementor-element-populated\">\n\t\t\t\t\t\t\t\t<div class=\"elementor-element elementor-element-2a5d857c elementor-widget elementor-widget-text-editor\" data-id=\"2a5d857c\" data-element_type=\"widget\" data-widget_type=\"text-editor.default\">\n\t\t\t\t<div class=\"elementor-widget-container\">\n\t\t\t\t\t\t\t<p>Del 15 de juliol al 30 de setembre de 2021<\/p>\t\t\t\t\t\t<\/div>\n\t\t\t\t<\/div>\n\t\t\t\t<div class=\"elementor-element elementor-element-3766aa4f elementor-widget elementor-widget-text-editor\" data-id=\"3766aa4f\" data-element_type=\"widget\" data-widget_type=\"text-editor.default\">\n\t\t\t\t<div class=\"elementor-widget-container\">\n\t\t\t\t\t\t\t<p>Preu: 2\u20ac, incl\u00f2s amb l&#8217;entrada b\u00e0sica<\/p>\t\t\t\t\t\t<\/div>\n\t\t\t\t<\/div>\n\t\t\t\t\t<\/div>\n\t\t<\/div>\n\t\t\t\t\t\t\t<\/div>\n\t\t<\/section>\n\t\t\t\t<section class=\"elementor-section elementor-top-section elementor-element elementor-element-1d4a35b8 elementor-section-full_width elementor-section-height-default elementor-section-height-default\" data-id=\"1d4a35b8\" data-element_type=\"section\">\n\t\t\t\t\t\t<div class=\"elementor-container elementor-column-gap-default\">\n\t\t\t\t\t<div class=\"elementor-column elementor-col-100 elementor-top-column elementor-element elementor-element-5b4dddd2\" data-id=\"5b4dddd2\" data-element_type=\"column\">\n\t\t\t<div class=\"elementor-widget-wrap elementor-element-populated\">\n\t\t\t\t\t\t\t\t<div class=\"elementor-element elementor-element-3eff21d8 elementor-widget elementor-widget-heading\" data-id=\"3eff21d8\" data-element_type=\"widget\" data-widget_type=\"heading.default\">\n\t\t\t\t<div class=\"elementor-widget-container\">\n\t\t\t<h2 class=\"elementor-heading-title elementor-size-default\">Museu en perill! combinar\u00e0 diferents elements expositius: obres originals, documentaci\u00f3 prim\u00e0ria, llistats, expedients de depuraci\u00f3, cat\u00e0legs i volums bibliogr\u00e0fics, fotografies, materials d\u2019hemeroteca, filmacions, cartografia, cartells, etc.<\/h2>\t\t<\/div>\n\t\t\t\t<\/div>\n\t\t\t\t\t<\/div>\n\t\t<\/div>\n\t\t\t\t\t\t\t<\/div>\n\t\t<\/section>\n\t\t\t\t<section class=\"elementor-section elementor-top-section elementor-element elementor-element-798f1f64 elementor-section-full_width elementor-section-height-default elementor-section-height-default\" data-id=\"798f1f64\" data-element_type=\"section\">\n\t\t\t\t\t\t<div class=\"elementor-container elementor-column-gap-default\">\n\t\t\t\t\t<div class=\"elementor-column elementor-col-100 elementor-top-column elementor-element elementor-element-4cb75fa1\" data-id=\"4cb75fa1\" data-element_type=\"column\">\n\t\t\t<div class=\"elementor-widget-wrap elementor-element-populated\">\n\t\t\t\t\t\t\t\t<div class=\"elementor-element elementor-element-433d6b45 elementor-widget elementor-widget-text-editor\" data-id=\"433d6b45\" data-element_type=\"widget\" data-widget_type=\"text-editor.default\">\n\t\t\t\t<div class=\"elementor-widget-container\">\n\t\t\t\t\t\t\t<p>Col\u00b7labora<\/p>\t\t\t\t\t\t<\/div>\n\t\t\t\t<\/div>\n\t\t\t\t<section class=\"elementor-section elementor-inner-section elementor-element elementor-element-12aea3c1 elementor-section-boxed elementor-section-height-default elementor-section-height-default\" data-id=\"12aea3c1\" data-element_type=\"section\">\n\t\t\t\t\t\t<div class=\"elementor-container elementor-column-gap-default\">\n\t\t\t\t\t<div class=\"elementor-column elementor-col-20 elementor-inner-column elementor-element elementor-element-30ebc6da\" data-id=\"30ebc6da\" data-element_type=\"column\">\n\t\t\t<div class=\"elementor-widget-wrap elementor-element-populated\">\n\t\t\t\t\t\t\t\t<div class=\"elementor-element elementor-element-78e348d0 elementor-widget elementor-widget-image\" data-id=\"78e348d0\" data-element_type=\"widget\" data-widget_type=\"image.default\">\n\t\t\t\t<div class=\"elementor-widget-container\">\n\t\t\t\t\t\t\t\t\t\t\t\t\t\t\t<img decoding=\"async\" width=\"110\" height=\"156\" src=\"https:\/\/www.museunacional.cat\/exposicions-en-linia\/wp-content\/uploads\/pi-sunyer.jpg\" class=\"attachment-full size-full wp-image-5601\" alt=\"\" \/>\t\t\t\t\t\t\t\t\t\t\t\t\t\t\t<\/div>\n\t\t\t\t<\/div>\n\t\t\t\t\t<\/div>\n\t\t<\/div>\n\t\t\t\t<div class=\"elementor-column elementor-col-20 elementor-inner-column elementor-element elementor-element-47e64ae9\" data-id=\"47e64ae9\" data-element_type=\"column\">\n\t\t\t<div class=\"elementor-widget-wrap elementor-element-populated\">\n\t\t\t\t\t\t\t\t<div class=\"elementor-element elementor-element-5890776c elementor-widget elementor-widget-image\" data-id=\"5890776c\" data-element_type=\"widget\" data-widget_type=\"image.default\">\n\t\t\t\t<div class=\"elementor-widget-container\">\n\t\t\t\t\t\t\t\t\t\t\t\t\t\t\t<img decoding=\"async\" width=\"241\" height=\"156\" src=\"https:\/\/www.museunacional.cat\/exposicions-en-linia\/wp-content\/uploads\/icrpc-1.jpg\" class=\"attachment-full size-full wp-image-5610\" alt=\"\" \/>\t\t\t\t\t\t\t\t\t\t\t\t\t\t\t<\/div>\n\t\t\t\t<\/div>\n\t\t\t\t\t<\/div>\n\t\t<\/div>\n\t\t\t\t<div class=\"elementor-column elementor-col-20 elementor-inner-column elementor-element elementor-element-3111e0a\" data-id=\"3111e0a\" data-element_type=\"column\">\n\t\t\t<div class=\"elementor-widget-wrap elementor-element-populated\">\n\t\t\t\t\t\t\t\t<div class=\"elementor-element elementor-element-23f45aa elementor-widget elementor-widget-image\" data-id=\"23f45aa\" data-element_type=\"widget\" data-widget_type=\"image.default\">\n\t\t\t\t<div class=\"elementor-widget-container\">\n\t\t\t\t\t\t\t\t\t\t\t\t\t\t\t<img loading=\"lazy\" decoding=\"async\" width=\"263\" height=\"156\" src=\"https:\/\/www.museunacional.cat\/exposicions-en-linia\/wp-content\/uploads\/memorial.jpg\" class=\"attachment-full size-full wp-image-5607\" alt=\"\" \/>\t\t\t\t\t\t\t\t\t\t\t\t\t\t\t<\/div>\n\t\t\t\t<\/div>\n\t\t\t\t\t<\/div>\n\t\t<\/div>\n\t\t\t\t<div class=\"elementor-column elementor-col-20 elementor-inner-column elementor-element elementor-element-d2df19e\" data-id=\"d2df19e\" data-element_type=\"column\">\n\t\t\t<div class=\"elementor-widget-wrap elementor-element-populated\">\n\t\t\t\t\t\t\t\t<div class=\"elementor-element elementor-element-6bd3832 elementor-widget elementor-widget-image\" data-id=\"6bd3832\" data-element_type=\"widget\" data-widget_type=\"image.default\">\n\t\t\t\t<div class=\"elementor-widget-container\">\n\t\t\t\t\t\t\t\t\t\t\t\t\t\t\t<img loading=\"lazy\" decoding=\"async\" width=\"214\" height=\"156\" src=\"https:\/\/www.museunacional.cat\/exposicions-en-linia\/wp-content\/uploads\/generalitat-catalunya.jpg\" class=\"attachment-full size-full wp-image-5613\" alt=\"\" \/>\t\t\t\t\t\t\t\t\t\t\t\t\t\t\t<\/div>\n\t\t\t\t<\/div>\n\t\t\t\t\t<\/div>\n\t\t<\/div>\n\t\t\t\t<div class=\"elementor-column elementor-col-20 elementor-inner-column elementor-element elementor-element-1d6d0e21\" data-id=\"1d6d0e21\" data-element_type=\"column\">\n\t\t\t<div class=\"elementor-widget-wrap elementor-element-populated\">\n\t\t\t\t\t\t\t\t<div class=\"elementor-element elementor-element-4e412ba2 elementor-widget elementor-widget-image\" data-id=\"4e412ba2\" data-element_type=\"widget\" data-widget_type=\"image.default\">\n\t\t\t\t<div class=\"elementor-widget-container\">\n\t\t\t\t\t\t\t\t\t\t\t\t\t\t\t<img loading=\"lazy\" decoding=\"async\" width=\"233\" height=\"156\" src=\"https:\/\/www.museunacional.cat\/exposicions-en-linia\/wp-content\/uploads\/folch-torres.jpg\" class=\"attachment-full size-full wp-image-5598\" alt=\"\" \/>\t\t\t\t\t\t\t\t\t\t\t\t\t\t\t<\/div>\n\t\t\t\t<\/div>\n\t\t\t\t\t<\/div>\n\t\t<\/div>\n\t\t\t\t\t\t\t<\/div>\n\t\t<\/section>\n\t\t\t\t\t<\/div>\n\t\t<\/div>\n\t\t\t\t\t\t\t<\/div>\n\t\t<\/section>\n\t\t\t\t\t\t\t<\/div>\n\t\t","protected":false},"excerpt":{"rendered":"<p>LA GUERRA INFINITA EL MUSEU EN PERILL! COMPRAR L&#039;ENTRADA Salvaguarda i endre\u00e7a de l&#8217;art catal\u00e0 durant la guerra civil Arran de l\u2019esclat de la Guerra, la Generalitat va emprendre, de forma urgent, una tasca que va ser decisiva per a la conservaci\u00f3 del patrimoni art\u00edstic catal\u00e0. Ho van fer possible diverses personalitats, entre les que &#8230; <a title=\"EL MUSEU EN PERILL!\" class=\"read-more\" href=\"https:\/\/www.museunacional.cat\/exposicions-en-linia\/ca\/el-museu-en-perill\/\" aria-label=\"M\u00e9s sobre EL MUSEU EN PERILL!\">Llegiu m\u00e9s<\/a><\/p>\n","protected":false},"author":3,"featured_media":0,"parent":0,"menu_order":0,"comment_status":"closed","ping_status":"closed","template":"elementor_header_footer","meta":{"footnotes":""},"class_list":["post-5583","page","type-page","status-publish"],"_links":{"self":[{"href":"https:\/\/www.museunacional.cat\/exposicions-en-linia\/ca\/wp-json\/wp\/v2\/pages\/5583","targetHints":{"allow":["GET"]}}],"collection":[{"href":"https:\/\/www.museunacional.cat\/exposicions-en-linia\/ca\/wp-json\/wp\/v2\/pages"}],"about":[{"href":"https:\/\/www.museunacional.cat\/exposicions-en-linia\/ca\/wp-json\/wp\/v2\/types\/page"}],"author":[{"embeddable":true,"href":"https:\/\/www.museunacional.cat\/exposicions-en-linia\/ca\/wp-json\/wp\/v2\/users\/3"}],"replies":[{"embeddable":true,"href":"https:\/\/www.museunacional.cat\/exposicions-en-linia\/ca\/wp-json\/wp\/v2\/comments?post=5583"}],"version-history":[{"count":19,"href":"https:\/\/www.museunacional.cat\/exposicions-en-linia\/ca\/wp-json\/wp\/v2\/pages\/5583\/revisions"}],"predecessor-version":[{"id":6108,"href":"https:\/\/www.museunacional.cat\/exposicions-en-linia\/ca\/wp-json\/wp\/v2\/pages\/5583\/revisions\/6108"}],"wp:attachment":[{"href":"https:\/\/www.museunacional.cat\/exposicions-en-linia\/ca\/wp-json\/wp\/v2\/media?parent=5583"}],"curies":[{"name":"wp","href":"https:\/\/api.w.org\/{rel}","templated":true}]}}